{"id":1754,"date":"2025-06-04T12:32:59","date_gmt":"2025-06-04T10:32:59","guid":{"rendered":"https:\/\/moszczanica.stronazen.pl\/?page_id=1754"},"modified":"2025-07-02T13:53:02","modified_gmt":"2025-07-02T11:53:02","slug":"kierunki-ksztalcenia","status":"publish","type":"page","link":"https:\/\/moszczanica.stronazen.pl\/index.php\/kierunki-ksztalcenia\/","title":{"rendered":"Kierunki kszta\u0142cenia"},"content":{"rendered":"\t\t<div data-elementor-type=\"wp-page\" data-elementor-id=\"1754\" class=\"elementor elementor-1754\">\n\t\t\t\t<div class=\"elementor-element elementor-element-e728c01 e-flex e-con-boxed e-con e-parent\" data-id=\"e728c01\" data-element_type=\"container\">\n\t\t\t\t\t<div class=\"e-con-inner\">\n\t\t\t\t<div class=\"elementor-element elementor-element-d76054c elementor-widget elementor-widget-heading\" data-id=\"d76054c\" data-element_type=\"widget\" data-widget_type=\"heading.default\">\n\t\t\t\t<div class=\"elementor-widget-container\">\n\t\t\t\t\t<h1 class=\"elementor-heading-title elementor-size-default\">Kierunki kszta\u0142cenia<\/h1>\t\t\t\t<\/div>\n\t\t\t\t<\/div>\n\t\t\t\t\t<\/div>\n\t\t\t\t<\/div>\n\t\t<div class=\"elementor-element elementor-element-9e16e00 e-con-full e-flex e-con e-parent\" data-id=\"9e16e00\" data-element_type=\"container\">\n\t\t<div class=\"elementor-element elementor-element-8da4531 e-con-full e-flex e-con e-child\" data-id=\"8da4531\" data-element_type=\"container\" data-settings=\"{&quot;background_background&quot;:&quot;classic&quot;}\">\n\t\t\t\t<\/div>\n\t\t<div class=\"elementor-element elementor-element-814e4b2 e-con-full e-flex e-con e-child\" data-id=\"814e4b2\" data-element_type=\"container\" data-settings=\"{&quot;background_background&quot;:&quot;classic&quot;}\">\n\t\t\t\t<div class=\"elementor-element elementor-element-2f1fb35 elementor-widget elementor-widget-heading\" data-id=\"2f1fb35\" data-element_type=\"widget\" data-widget_type=\"heading.default\">\n\t\t\t\t<div class=\"elementor-widget-container\">\n\t\t\t\t\t<h2 class=\"elementor-heading-title elementor-size-default\">LICEUM WOJSKOWE<\/h2>\t\t\t\t<\/div>\n\t\t\t\t<\/div>\n\t\t\t\t<div class=\"elementor-element elementor-element-1685627 elementor-widget__width-initial elementor-widget elementor-widget-text-editor\" data-id=\"1685627\" data-element_type=\"widget\" data-widget_type=\"text-editor.default\">\n\t\t\t\t<div class=\"elementor-widget-container\">\n\t\t\t\t\t\t\t\t\t<p>oferuje m\u0142odzie\u017cy kszta\u0142cenie w zakresie szeroko poj\u0119tego przygotowania wojskowego: dyscyplina, musztra, strzelanie, sztuki walki, obozy oraz poligony wojskowe. Nasze klasy wojskowe posiadaj\u0105 certyfikacj\u0119 Oddzia\u0142\u00f3w Przygotowania Wojskowego nadanego przez Ministerstwo Obrony Narodowej.<\/p>\t\t\t\t\t\t\t\t<\/div>\n\t\t\t\t<\/div>\n\t\t\t\t<div class=\"elementor-element elementor-element-74f2b75 elementor-widget elementor-widget-button\" data-id=\"74f2b75\" data-element_type=\"widget\" data-widget_type=\"button.default\">\n\t\t\t\t<div class=\"elementor-widget-container\">\n\t\t\t\t\t\t\t\t\t<div class=\"elementor-button-wrapper\">\n\t\t\t\t\t<a class=\"elementor-button elementor-button-link elementor-size-sm\" href=\"https:\/\/moszczanica.stronazen.pl\/index.php\/liceum-wojskowe\/\">\n\t\t\t\t\t\t<span class=\"elementor-button-content-wrapper\">\n\t\t\t\t\t\t\t\t\t<span class=\"elementor-button-text\">Zobacz wi\u0119cej<\/span>\n\t\t\t\t\t<\/span>\n\t\t\t\t\t<\/a>\n\t\t\t\t<\/div>\n\t\t\t\t\t\t\t\t<\/div>\n\t\t\t\t<\/div>\n\t\t\t\t<\/div>\n\t\t\t\t<\/div>\n\t\t<div class=\"elementor-element elementor-element-470ed2f e-con-full e-flex e-con e-parent\" data-id=\"470ed2f\" data-element_type=\"container\">\n\t\t<div class=\"elementor-element elementor-element-9071017 e-con-full e-flex e-con e-child\" data-id=\"9071017\" data-element_type=\"container\" data-settings=\"{&quot;background_background&quot;:&quot;classic&quot;}\">\n\t\t\t\t<div class=\"elementor-element elementor-element-4596817 elementor-widget elementor-widget-heading\" data-id=\"4596817\" data-element_type=\"widget\" data-widget_type=\"heading.default\">\n\t\t\t\t<div class=\"elementor-widget-container\">\n\t\t\t\t\t<h2 class=\"elementor-heading-title elementor-size-default\">SZKO\u0141A MISTRZOSTWA SPORTOWEGO - BIATHLON<\/h2>\t\t\t\t<\/div>\n\t\t\t\t<\/div>\n\t\t\t\t<div class=\"elementor-element elementor-element-414bfb2 elementor-widget__width-initial elementor-widget elementor-widget-text-editor\" data-id=\"414bfb2\" data-element_type=\"widget\" data-widget_type=\"text-editor.default\">\n\t\t\t\t<div class=\"elementor-widget-container\">\n\t\t\t\t\t\t\t\t\t<p>to kierunek dla m\u0142odzie\u017cy pragn\u0105cej rozwija\u0107 swoje zdolno\u015bci sportowe. Na zaj\u0119ciach dodatkowych uczniowie trenuj\u0105 jazd\u0119 na nartach biegowych oraz strzelaj\u0105 pod okiem do\u015bwiadczonych instruktor\u00f3w. Wielu z nich bierze udzia\u0142 w zawodach og\u00f3lnopolskich i mi\u0119dzynarodowych z ramienia Biathlonowego Ludowego Klubu Sportowego w \u017bywcu osi\u0105gaj\u0105c liczne sukcesy.<\/p>\t\t\t\t\t\t\t\t<\/div>\n\t\t\t\t<\/div>\n\t\t\t\t<div class=\"elementor-element elementor-element-68be80d elementor-widget elementor-widget-button\" data-id=\"68be80d\" data-element_type=\"widget\" data-widget_type=\"button.default\">\n\t\t\t\t<div class=\"elementor-widget-container\">\n\t\t\t\t\t\t\t\t\t<div class=\"elementor-button-wrapper\">\n\t\t\t\t\t<a class=\"elementor-button elementor-button-link elementor-size-sm\" href=\"https:\/\/moszczanica.stronazen.pl\/index.php\/szkola-mistrzostwa-sportowego-biathlon\/\">\n\t\t\t\t\t\t<span class=\"elementor-button-content-wrapper\">\n\t\t\t\t\t\t\t\t\t<span class=\"elementor-button-text\">Zobacz wi\u0119cej<\/span>\n\t\t\t\t\t<\/span>\n\t\t\t\t\t<\/a>\n\t\t\t\t<\/div>\n\t\t\t\t\t\t\t\t<\/div>\n\t\t\t\t<\/div>\n\t\t\t\t<\/div>\n\t\t<div class=\"elementor-element elementor-element-69d9e15 e-con-full e-flex e-con e-child\" data-id=\"69d9e15\" data-element_type=\"container\" data-settings=\"{&quot;background_background&quot;:&quot;classic&quot;}\">\n\t\t\t\t<\/div>\n\t\t\t\t<\/div>\n\t\t<div class=\"elementor-element elementor-element-110162d e-con-full e-flex e-con e-parent\" data-id=\"110162d\" data-element_type=\"container\">\n\t\t<div class=\"elementor-element elementor-element-e756bbc e-con-full e-flex e-con e-child\" data-id=\"e756bbc\" data-element_type=\"container\" data-settings=\"{&quot;background_background&quot;:&quot;classic&quot;}\">\n\t\t\t\t<\/div>\n\t\t<div class=\"elementor-element elementor-element-13ff31c e-con-full e-flex e-con e-child\" data-id=\"13ff31c\" data-element_type=\"container\" data-settings=\"{&quot;background_background&quot;:&quot;classic&quot;}\">\n\t\t\t\t<div class=\"elementor-element elementor-element-2be91bb elementor-widget elementor-widget-heading\" data-id=\"2be91bb\" data-element_type=\"widget\" data-widget_type=\"heading.default\">\n\t\t\t\t<div class=\"elementor-widget-container\">\n\t\t\t\t\t<h2 class=\"elementor-heading-title elementor-size-default\">SZKO\u0141A MISTRZOSTWA SPORTOWEGO - BOKS<\/h2>\t\t\t\t<\/div>\n\t\t\t\t<\/div>\n\t\t\t\t<div class=\"elementor-element elementor-element-28d6b02 elementor-widget__width-initial elementor-widget elementor-widget-text-editor\" data-id=\"28d6b02\" data-element_type=\"widget\" data-widget_type=\"text-editor.default\">\n\t\t\t\t<div class=\"elementor-widget-container\">\n\t\t\t\t\t\t\t\t\t<p>to kierunek dla m\u0142odzie\u017cy pragn\u0105cej rozwija\u0107 swoje zdolno\u015bci sportowe. Zaj\u0119cia z boksu prowadzone s\u0105 przez wykwalifikowan\u0105 kadr\u0119 trenersk\u0105.<\/p>\t\t\t\t\t\t\t\t<\/div>\n\t\t\t\t<\/div>\n\t\t\t\t<div class=\"elementor-element elementor-element-86c2930 elementor-widget elementor-widget-button\" data-id=\"86c2930\" data-element_type=\"widget\" data-widget_type=\"button.default\">\n\t\t\t\t<div class=\"elementor-widget-container\">\n\t\t\t\t\t\t\t\t\t<div class=\"elementor-button-wrapper\">\n\t\t\t\t\t<a class=\"elementor-button elementor-button-link elementor-size-sm\" href=\"https:\/\/moszczanica.stronazen.pl\/index.php\/szkola-mistrzostwa-sportowego-boks\/\">\n\t\t\t\t\t\t<span class=\"elementor-button-content-wrapper\">\n\t\t\t\t\t\t\t\t\t<span class=\"elementor-button-text\">Zobacz wi\u0119cej<\/span>\n\t\t\t\t\t<\/span>\n\t\t\t\t\t<\/a>\n\t\t\t\t<\/div>\n\t\t\t\t\t\t\t\t<\/div>\n\t\t\t\t<\/div>\n\t\t\t\t<\/div>\n\t\t\t\t<\/div>\n\t\t<div class=\"elementor-element elementor-element-fb78b4e e-con-full e-flex e-con e-parent\" data-id=\"fb78b4e\" data-element_type=\"container\">\n\t\t<div class=\"elementor-element elementor-element-da09674 e-con-full e-flex e-con e-child\" data-id=\"da09674\" data-element_type=\"container\" data-settings=\"{&quot;background_background&quot;:&quot;classic&quot;}\">\n\t\t\t\t<div class=\"elementor-element elementor-element-ea15c56 elementor-widget elementor-widget-heading\" data-id=\"ea15c56\" data-element_type=\"widget\" data-widget_type=\"heading.default\">\n\t\t\t\t<div class=\"elementor-widget-container\">\n\t\t\t\t\t<h2 class=\"elementor-heading-title elementor-size-default\">TECHNIK HOTELARSTWA<\/h2>\t\t\t\t<\/div>\n\t\t\t\t<\/div>\n\t\t\t\t<div class=\"elementor-element elementor-element-3ec7661 elementor-widget__width-initial elementor-widget elementor-widget-text-editor\" data-id=\"3ec7661\" data-element_type=\"widget\" data-widget_type=\"text-editor.default\">\n\t\t\t\t<div class=\"elementor-widget-container\">\n\t\t\t\t\t\t\t\t\t<p>przygotowuje m\u0142odzie\u017c do kompleksowej obs\u0142ugi go\u015bci w hotelu, sprzeda\u017cy us\u0142ug hotelarskich online jak i prowadzenia obiekt\u00f3w hotelarskich. Swoje umiej\u0119tno\u015bci praktyczne szlifuj\u0105 w nowoczesnej pracowni hotelarsko- informatycznej a tak\u017ce firmie symulacyjnej Hoteliku Pod D\u0119bem z profesjonalnym zapleczem hotelowym.<\/p>\t\t\t\t\t\t\t\t<\/div>\n\t\t\t\t<\/div>\n\t\t\t\t<div class=\"elementor-element elementor-element-af3be8f elementor-widget elementor-widget-button\" data-id=\"af3be8f\" data-element_type=\"widget\" data-widget_type=\"button.default\">\n\t\t\t\t<div class=\"elementor-widget-container\">\n\t\t\t\t\t\t\t\t\t<div class=\"elementor-button-wrapper\">\n\t\t\t\t\t<a class=\"elementor-button elementor-button-link elementor-size-sm\" href=\"https:\/\/moszczanica.stronazen.pl\/index.php\/technik-hotelarstwa\/\">\n\t\t\t\t\t\t<span class=\"elementor-button-content-wrapper\">\n\t\t\t\t\t\t\t\t\t<span class=\"elementor-button-text\">Zobacz wi\u0119cej<\/span>\n\t\t\t\t\t<\/span>\n\t\t\t\t\t<\/a>\n\t\t\t\t<\/div>\n\t\t\t\t\t\t\t\t<\/div>\n\t\t\t\t<\/div>\n\t\t\t\t<\/div>\n\t\t<div class=\"elementor-element elementor-element-832418e e-con-full e-flex e-con e-child\" data-id=\"832418e\" data-element_type=\"container\" data-settings=\"{&quot;background_background&quot;:&quot;classic&quot;}\">\n\t\t\t\t<\/div>\n\t\t\t\t<\/div>\n\t\t<div class=\"elementor-element elementor-element-49972fb e-con-full e-flex e-con e-parent\" data-id=\"49972fb\" data-element_type=\"container\">\n\t\t<div class=\"elementor-element elementor-element-0845674 e-con-full e-flex e-con e-child\" data-id=\"0845674\" data-element_type=\"container\" data-settings=\"{&quot;background_background&quot;:&quot;classic&quot;}\">\n\t\t\t\t<\/div>\n\t\t<div class=\"elementor-element elementor-element-5af9143 e-con-full e-flex e-con e-child\" data-id=\"5af9143\" data-element_type=\"container\" data-settings=\"{&quot;background_background&quot;:&quot;classic&quot;}\">\n\t\t\t\t<div class=\"elementor-element elementor-element-29ebe8f elementor-widget elementor-widget-heading\" data-id=\"29ebe8f\" data-element_type=\"widget\" data-widget_type=\"heading.default\">\n\t\t\t\t<div class=\"elementor-widget-container\">\n\t\t\t\t\t<h2 class=\"elementor-heading-title elementor-size-default\">TECHNIK HODOWCA KONI<\/h2>\t\t\t\t<\/div>\n\t\t\t\t<\/div>\n\t\t\t\t<div class=\"elementor-element elementor-element-573ea64 elementor-widget__width-initial elementor-widget elementor-widget-text-editor\" data-id=\"573ea64\" data-element_type=\"widget\" data-widget_type=\"text-editor.default\">\n\t\t\t\t<div class=\"elementor-widget-container\">\n\t\t\t\t\t\t\t\t\t<p>to kierunek, kt\u00f3ry daje kwalifikacje do pracy w o\u015brodkach je\u017adzieckich, stadninach oraz prowadzenia w\u0142asnego o\u015brodka je\u017adzieckiego. Uczniowie nabywaj\u0105 wiedz\u0119 z organizacji prowadzenia chowu i hodowli koni oraz zasad u\u017cytkowania wierzchowego i zaprz\u0119gowego. W\u0142asna stadnina koni, nowoczesny parkur, uje\u017cd\u017calnia oraz bogata dzia\u0142alno\u015b\u0107 Szkolonego Klubu Je\u017adzieckiego Kasztanka pozwala perfekcyjnie przygotowa\u0107 m\u0142odzie\u017c do tego zawodu.<\/p>\t\t\t\t\t\t\t\t<\/div>\n\t\t\t\t<\/div>\n\t\t\t\t<div class=\"elementor-element elementor-element-2ccf04a elementor-widget elementor-widget-button\" data-id=\"2ccf04a\" data-element_type=\"widget\" data-widget_type=\"button.default\">\n\t\t\t\t<div class=\"elementor-widget-container\">\n\t\t\t\t\t\t\t\t\t<div class=\"elementor-button-wrapper\">\n\t\t\t\t\t<a class=\"elementor-button elementor-button-link elementor-size-sm\" href=\"https:\/\/moszczanica.stronazen.pl\/index.php\/technik-hodowca-koni\/\">\n\t\t\t\t\t\t<span class=\"elementor-button-content-wrapper\">\n\t\t\t\t\t\t\t\t\t<span class=\"elementor-button-text\">Zobacz wi\u0119cej<\/span>\n\t\t\t\t\t<\/span>\n\t\t\t\t\t<\/a>\n\t\t\t\t<\/div>\n\t\t\t\t\t\t\t\t<\/div>\n\t\t\t\t<\/div>\n\t\t\t\t<\/div>\n\t\t\t\t<\/div>\n\t\t<div class=\"elementor-element elementor-element-c3748c4 e-con-full e-flex e-con e-parent\" data-id=\"c3748c4\" data-element_type=\"container\">\n\t\t<div class=\"elementor-element elementor-element-e732b97 e-con-full e-flex e-con e-child\" data-id=\"e732b97\" data-element_type=\"container\" data-settings=\"{&quot;background_background&quot;:&quot;classic&quot;}\">\n\t\t\t\t<div class=\"elementor-element elementor-element-d1896de elementor-widget elementor-widget-heading\" data-id=\"d1896de\" data-element_type=\"widget\" data-widget_type=\"heading.default\">\n\t\t\t\t<div class=\"elementor-widget-container\">\n\t\t\t\t\t<h2 class=\"elementor-heading-title elementor-size-default\">TECHNIK \u017bYWIENIA I US\u0141UG GASTRONOMICZNYCH<\/h2>\t\t\t\t<\/div>\n\t\t\t\t<\/div>\n\t\t\t\t<div class=\"elementor-element elementor-element-ab6f993 elementor-widget__width-initial elementor-widget elementor-widget-text-editor\" data-id=\"ab6f993\" data-element_type=\"widget\" data-widget_type=\"text-editor.default\">\n\t\t\t\t<div class=\"elementor-widget-container\">\n\t\t\t\t\t\t\t\t\t<p>to kierunek dla os\u00f3b chc\u0105cych zdoby\u0107 wiedz\u0119 teoretyczn\u0105 i praktyczn\u0105 z <br \/>gotowania a tak\u017ce przygotowa\u0107 si\u0119 do pracy w zak\u0142adach gastronomicznych. Zaj\u0119cia praktyczne uczniowie odbywaj\u0105 w nowoczesnej pracowni gastronomicznej jak r\u00f3wnie\u017c sto\u0142\u00f3wce szkolnej.<\/p>\t\t\t\t\t\t\t\t<\/div>\n\t\t\t\t<\/div>\n\t\t\t\t<div class=\"elementor-element elementor-element-1b0804c elementor-widget elementor-widget-button\" data-id=\"1b0804c\" data-element_type=\"widget\" data-widget_type=\"button.default\">\n\t\t\t\t<div class=\"elementor-widget-container\">\n\t\t\t\t\t\t\t\t\t<div class=\"elementor-button-wrapper\">\n\t\t\t\t\t<a class=\"elementor-button elementor-button-link elementor-size-sm\" href=\"https:\/\/moszczanica.stronazen.pl\/index.php\/kucharz\/\">\n\t\t\t\t\t\t<span class=\"elementor-button-content-wrapper\">\n\t\t\t\t\t\t\t\t\t<span class=\"elementor-button-text\">Zobacz wi\u0119cej<\/span>\n\t\t\t\t\t<\/span>\n\t\t\t\t\t<\/a>\n\t\t\t\t<\/div>\n\t\t\t\t\t\t\t\t<\/div>\n\t\t\t\t<\/div>\n\t\t\t\t<\/div>\n\t\t<div class=\"elementor-element elementor-element-73ec6d8 e-con-full e-flex e-con e-child\" data-id=\"73ec6d8\" data-element_type=\"container\" data-settings=\"{&quot;background_background&quot;:&quot;classic&quot;}\">\n\t\t\t\t<\/div>\n\t\t\t\t<\/div>\n\t\t<div class=\"elementor-element elementor-element-fb1ef8b e-con-full e-flex e-con e-parent\" data-id=\"fb1ef8b\" data-element_type=\"container\">\n\t\t<div class=\"elementor-element elementor-element-dd7d6d0 e-con-full e-flex e-con e-child\" data-id=\"dd7d6d0\" data-element_type=\"container\" data-settings=\"{&quot;background_background&quot;:&quot;classic&quot;}\">\n\t\t\t\t<\/div>\n\t\t<div class=\"elementor-element elementor-element-e4fb778 e-con-full e-flex e-con e-child\" data-id=\"e4fb778\" data-element_type=\"container\" data-settings=\"{&quot;background_background&quot;:&quot;classic&quot;}\">\n\t\t\t\t<div class=\"elementor-element elementor-element-f8c4778 elementor-widget elementor-widget-heading\" data-id=\"f8c4778\" data-element_type=\"widget\" data-widget_type=\"heading.default\">\n\t\t\t\t<div class=\"elementor-widget-container\">\n\t\t\t\t\t<h2 class=\"elementor-heading-title elementor-size-default\">MECHANIK - OPERATOR POJAZD\u00d3W I MASZYN ROLNICZYCH<\/h2>\t\t\t\t<\/div>\n\t\t\t\t<\/div>\n\t\t\t\t<div class=\"elementor-element elementor-element-d609c99 elementor-widget__width-initial elementor-widget elementor-widget-text-editor\" data-id=\"d609c99\" data-element_type=\"widget\" data-widget_type=\"text-editor.default\">\n\t\t\t\t<div class=\"elementor-widget-container\">\n\t\t\t\t\t\t\t\t\t<p>to kierunek dla amator\u00f3w mechanizacji a zarazem rolnictwa. Daje kwalifikacje do prowadzenia w\u0142asnego gospodarstwa rolnego a tak\u017ce uprawnienia rolnicze. Swoje umiej\u0119tno\u015bci praktyczne nabywaj\u0105 na warsztatach szkolnych wyposa\u017conych w nowoczesne narz\u0119dzia i maszyny rolnicze.<\/p>\t\t\t\t\t\t\t\t<\/div>\n\t\t\t\t<\/div>\n\t\t\t\t<div class=\"elementor-element elementor-element-8265b75 elementor-widget elementor-widget-button\" data-id=\"8265b75\" data-element_type=\"widget\" data-widget_type=\"button.default\">\n\t\t\t\t<div class=\"elementor-widget-container\">\n\t\t\t\t\t\t\t\t\t<div class=\"elementor-button-wrapper\">\n\t\t\t\t\t<a class=\"elementor-button elementor-button-link elementor-size-sm\" href=\"https:\/\/moszczanica.stronazen.pl\/index.php\/mechanik-operator-pojazdow-i-maszyn-rolniczych\/\">\n\t\t\t\t\t\t<span class=\"elementor-button-content-wrapper\">\n\t\t\t\t\t\t\t\t\t<span class=\"elementor-button-text\">Zobacz wi\u0119cej<\/span>\n\t\t\t\t\t<\/span>\n\t\t\t\t\t<\/a>\n\t\t\t\t<\/div>\n\t\t\t\t\t\t\t\t<\/div>\n\t\t\t\t<\/div>\n\t\t\t\t<\/div>\n\t\t\t\t<\/div>\n\t\t\t\t<\/div>\n\t\t","protected":false},"excerpt":{"rendered":"<p>Kierunki kszta\u0142cenia LICEUM WOJSKOWE oferuje m\u0142odzie\u017cy kszta\u0142cenie w zakresie szeroko poj\u0119tego przygotowania wojskowego: dyscyplina, musztra, strzelanie, sztuki walki, obozy oraz poligony wojskowe. Nasze klasy wojskowe posiadaj\u0105 certyfikacj\u0119 Oddzia\u0142\u00f3w Przygotowania Wojskowego nadanego przez Ministerstwo Obrony Narodowej. Zobacz wi\u0119cej SZKO\u0141A MISTRZOSTWA SPORTOWEGO &#8211; BIATHLON to kierunek dla m\u0142odzie\u017cy pragn\u0105cej rozwija\u0107 swoje zdolno\u015bci sportowe. Na zaj\u0119ciach dodatkowych uczniowie [&hellip;]<\/p>\n","protected":false},"author":1,"featured_media":0,"parent":0,"menu_order":0,"comment_status":"closed","ping_status":"closed","template":"","meta":{"footnotes":""},"class_list":["post-1754","page","type-page","status-publish","hentry"],"_links":{"self":[{"href":"https:\/\/moszczanica.stronazen.pl\/index.php\/wp-json\/wp\/v2\/pages\/1754","targetHints":{"allow":["GET"]}}],"collection":[{"href":"https:\/\/moszczanica.stronazen.pl\/index.php\/wp-json\/wp\/v2\/pages"}],"about":[{"href":"https:\/\/moszczanica.stronazen.pl\/index.php\/wp-json\/wp\/v2\/types\/page"}],"author":[{"embeddable":true,"href":"https:\/\/moszczanica.stronazen.pl\/index.php\/wp-json\/wp\/v2\/users\/1"}],"replies":[{"embeddable":true,"href":"https:\/\/moszczanica.stronazen.pl\/index.php\/wp-json\/wp\/v2\/comments?post=1754"}],"version-history":[{"count":88,"href":"https:\/\/moszczanica.stronazen.pl\/index.php\/wp-json\/wp\/v2\/pages\/1754\/revisions"}],"predecessor-version":[{"id":4440,"href":"https:\/\/moszczanica.stronazen.pl\/index.php\/wp-json\/wp\/v2\/pages\/1754\/revisions\/4440"}],"wp:attachment":[{"href":"https:\/\/moszczanica.stronazen.pl\/index.php\/wp-json\/wp\/v2\/media?parent=1754"}],"curies":[{"name":"wp","href":"https:\/\/api.w.org\/{rel}","templated":true}]}}