{"id":1767,"date":"2025-06-04T12:34:37","date_gmt":"2025-06-04T10:34:37","guid":{"rendered":"https:\/\/moszczanica.stronazen.pl\/?page_id=1767"},"modified":"2025-07-02T13:53:35","modified_gmt":"2025-07-02T11:53:35","slug":"zebrania","status":"publish","type":"page","link":"https:\/\/moszczanica.stronazen.pl\/index.php\/zebrania\/","title":{"rendered":"Zebrania"},"content":{"rendered":"\t\t<div data-elementor-type=\"wp-page\" data-elementor-id=\"1767\" class=\"elementor elementor-1767\">\n\t\t\t\t<div class=\"elementor-element elementor-element-c25b05f e-flex e-con-boxed e-con e-parent\" data-id=\"c25b05f\" data-element_type=\"container\">\n\t\t\t\t\t<div class=\"e-con-inner\">\n\t\t\t\t<div class=\"elementor-element elementor-element-a6c39d7 elementor-widget elementor-widget-heading\" data-id=\"a6c39d7\" data-element_type=\"widget\" data-widget_type=\"heading.default\">\n\t\t\t\t<div class=\"elementor-widget-container\">\n\t\t\t\t\t<h1 class=\"elementor-heading-title elementor-size-default\">Zebrania rodzic\u00f3w<\/h1>\t\t\t\t<\/div>\n\t\t\t\t<\/div>\n\t\t\t\t\t<\/div>\n\t\t\t\t<\/div>\n\t\t<div class=\"elementor-element elementor-element-6acfafd e-con-full e-flex e-con e-parent\" data-id=\"6acfafd\" data-element_type=\"container\" data-settings=\"{&quot;background_background&quot;:&quot;classic&quot;}\">\n\t\t<div class=\"elementor-element elementor-element-f8194bd e-con-full wydarzenia-blok1 e-flex e-con e-child\" data-id=\"f8194bd\" data-element_type=\"container\">\n\t\t\t\t<div class=\"elementor-element elementor-element-ff0054d wydarzenia-ikona1 elementor-widget-mobile_extra__width-initial elementor-widget elementor-widget-heading\" data-id=\"ff0054d\" data-element_type=\"widget\" data-widget_type=\"heading.default\">\n\t\t\t\t<div class=\"elementor-widget-container\">\n\t\t\t\t\t<h2 class=\"elementor-heading-title elementor-size-default\"><a href=\"https:\/\/moszczanica.stronazen.pl\/index.php\/zebranie-1\/\"><br>06<br> KWI<\/a><\/h2>\t\t\t\t<\/div>\n\t\t\t\t<\/div>\n\t\t\t\t<div class=\"elementor-element elementor-element-b386cd6 elementor-widget__width-initial wydarzenia-naglowek1 elementor-widget elementor-widget-heading\" data-id=\"b386cd6\" data-element_type=\"widget\" data-widget_type=\"heading.default\">\n\t\t\t\t<div class=\"elementor-widget-container\">\n\t\t\t\t\t<h2 class=\"elementor-heading-title elementor-size-default\"><a href=\"https:\/\/moszczanica.stronazen.pl\/index.php\/zebranie-1\/\">Zebranie rodzic\u00f3w<\/a><\/h2>\t\t\t\t<\/div>\n\t\t\t\t<\/div>\n\t\t\t\t<\/div>\n\t\t<div class=\"elementor-element elementor-element-ff2cf96 e-con-full wydarzenia-blok1 e-flex e-con e-child\" data-id=\"ff2cf96\" data-element_type=\"container\">\n\t\t\t\t<div class=\"elementor-element elementor-element-cca1c30 elementor-widget-mobile_extra__width-initial wydarzenia-ikona1 elementor-widget elementor-widget-heading\" data-id=\"cca1c30\" data-element_type=\"widget\" data-widget_type=\"heading.default\">\n\t\t\t\t<div class=\"elementor-widget-container\">\n\t\t\t\t\t<h2 class=\"elementor-heading-title elementor-size-default\"><a href=\"https:\/\/moszczanica.stronazen.pl\/index.php\/zebranie-2\/\"><br>15<br> MAJ<\/a><\/h2>\t\t\t\t<\/div>\n\t\t\t\t<\/div>\n\t\t\t\t<div class=\"elementor-element elementor-element-7ac0e89 elementor-widget__width-initial wydarzenia-naglowek1 elementor-widget elementor-widget-heading\" data-id=\"7ac0e89\" data-element_type=\"widget\" data-widget_type=\"heading.default\">\n\t\t\t\t<div class=\"elementor-widget-container\">\n\t\t\t\t\t<h2 class=\"elementor-heading-title elementor-size-default\"><a href=\"https:\/\/moszczanica.stronazen.pl\/index.php\/zebranie-2\/\">Zebranie rodzic\u00f3w<\/a><\/h2>\t\t\t\t<\/div>\n\t\t\t\t<\/div>\n\t\t\t\t<\/div>\n\t\t<div class=\"elementor-element elementor-element-c3ef18e e-con-full wydarzenia-blok1 e-flex e-con e-child\" data-id=\"c3ef18e\" data-element_type=\"container\">\n\t\t\t\t<div class=\"elementor-element elementor-element-266a1b3 elementor-widget-mobile_extra__width-initial wydarzenia-ikona1 elementor-widget elementor-widget-heading\" data-id=\"266a1b3\" data-element_type=\"widget\" data-widget_type=\"heading.default\">\n\t\t\t\t<div class=\"elementor-widget-container\">\n\t\t\t\t\t<h2 class=\"elementor-heading-title elementor-size-default\"><a href=\"https:\/\/moszczanica.stronazen.pl\/index.php\/zebranie-3\/\"><br>22<br> CZE<\/a><\/h2>\t\t\t\t<\/div>\n\t\t\t\t<\/div>\n\t\t\t\t<div class=\"elementor-element elementor-element-d45d6a6 elementor-widget__width-initial wydarzenia-naglowek1 elementor-widget elementor-widget-heading\" data-id=\"d45d6a6\" data-element_type=\"widget\" data-widget_type=\"heading.default\">\n\t\t\t\t<div class=\"elementor-widget-container\">\n\t\t\t\t\t<h2 class=\"elementor-heading-title elementor-size-default\"><a href=\"https:\/\/moszczanica.stronazen.pl\/index.php\/zebranie-3\/\">Zebranie rodzic\u00f3w<\/a><\/h2>\t\t\t\t<\/div>\n\t\t\t\t<\/div>\n\t\t\t\t<\/div>\n\t\t\t\t<\/div>\n\t\t\t\t<\/div>\n\t\t","protected":false},"excerpt":{"rendered":"<p>Zebrania rodzic\u00f3w 06 KWI Zebranie rodzic\u00f3w 15 MAJ Zebranie rodzic\u00f3w 22 CZE Zebranie rodzic\u00f3w<\/p>\n","protected":false},"author":1,"featured_media":0,"parent":0,"menu_order":0,"comment_status":"closed","ping_status":"closed","template":"","meta":{"footnotes":""},"class_list":["post-1767","page","type-page","status-publish","hentry"],"_links":{"self":[{"href":"https:\/\/moszczanica.stronazen.pl\/index.php\/wp-json\/wp\/v2\/pages\/1767","targetHints":{"allow":["GET"]}}],"collection":[{"href":"https:\/\/moszczanica.stronazen.pl\/index.php\/wp-json\/wp\/v2\/pages"}],"about":[{"href":"https:\/\/moszczanica.stronazen.pl\/index.php\/wp-json\/wp\/v2\/types\/page"}],"author":[{"embeddable":true,"href":"https:\/\/moszczanica.stronazen.pl\/index.php\/wp-json\/wp\/v2\/users\/1"}],"replies":[{"embeddable":true,"href":"https:\/\/moszczanica.stronazen.pl\/index.php\/wp-json\/wp\/v2\/comments?post=1767"}],"version-history":[{"count":22,"href":"https:\/\/moszczanica.stronazen.pl\/index.php\/wp-json\/wp\/v2\/pages\/1767\/revisions"}],"predecessor-version":[{"id":4455,"href":"https:\/\/moszczanica.stronazen.pl\/index.php\/wp-json\/wp\/v2\/pages\/1767\/revisions\/4455"}],"wp:attachment":[{"href":"https:\/\/moszczanica.stronazen.pl\/index.php\/wp-json\/wp\/v2\/media?parent=1767"}],"curies":[{"name":"wp","href":"https:\/\/api.w.org\/{rel}","templated":true}]}}