{"id":1778,"date":"2025-06-04T12:36:16","date_gmt":"2025-06-04T10:36:16","guid":{"rendered":"https:\/\/moszczanica.stronazen.pl\/?page_id=1778"},"modified":"2025-07-02T14:11:21","modified_gmt":"2025-07-02T12:11:21","slug":"jadlopis","status":"publish","type":"page","link":"https:\/\/moszczanica.stronazen.pl\/index.php\/jadlopis\/","title":{"rendered":"Jad\u0142opis"},"content":{"rendered":"\t\t<div data-elementor-type=\"wp-page\" data-elementor-id=\"1778\" class=\"elementor elementor-1778\">\n\t\t\t\t<div class=\"elementor-element elementor-element-f576f4f e-flex e-con-boxed e-con e-parent\" data-id=\"f576f4f\" data-element_type=\"container\">\n\t\t\t\t\t<div class=\"e-con-inner\">\n\t\t\t\t<div class=\"elementor-element elementor-element-d76b670 elementor-widget elementor-widget-heading\" data-id=\"d76b670\" data-element_type=\"widget\" data-widget_type=\"heading.default\">\n\t\t\t\t<div class=\"elementor-widget-container\">\n\t\t\t\t\t<h1 class=\"elementor-heading-title elementor-size-default\">Jad\u0142ospis<\/h1>\t\t\t\t<\/div>\n\t\t\t\t<\/div>\n\t\t\t\t\t<\/div>\n\t\t\t\t<\/div>\n\t\t<div class=\"elementor-element elementor-element-6024422 e-flex e-con-boxed e-con e-parent\" data-id=\"6024422\" data-element_type=\"container\">\n\t\t\t\t\t<div class=\"e-con-inner\">\n\t\t\t\t<div class=\"elementor-element elementor-element-8e42a2e elementor-widget elementor-widget-heading\" data-id=\"8e42a2e\" data-element_type=\"widget\" data-widget_type=\"heading.default\">\n\t\t\t\t<div class=\"elementor-widget-container\">\n\t\t\t\t\t<h2 class=\"elementor-heading-title elementor-size-default\">Poniedzia\u0142ek, 24.05<\/h2>\t\t\t\t<\/div>\n\t\t\t\t<\/div>\n\t\t\t\t\t<\/div>\n\t\t\t\t<\/div>\n\t\t<div class=\"elementor-element elementor-element-cfde759 e-flex e-con-boxed e-con e-parent\" data-id=\"cfde759\" data-element_type=\"container\">\n\t\t\t\t\t<div class=\"e-con-inner\">\n\t\t\t\t<div class=\"elementor-element elementor-element-d466bb2 elementor-widget elementor-widget-text-editor\" data-id=\"d466bb2\" data-element_type=\"widget\" data-widget_type=\"text-editor.default\">\n\t\t\t\t<div class=\"elementor-widget-container\">\n\t\t\t\t\t\t\t\t\t<p><strong>\u015aniadanie<\/strong>: Lorem ipsum<br \/><strong>Obiad<\/strong>: Lorem ipsum<br \/><strong>Kolacja<\/strong>: Lorem ipsum<\/p>\t\t\t\t\t\t\t\t<\/div>\n\t\t\t\t<\/div>\n\t\t\t\t<div class=\"elementor-element elementor-element-e06ba23 elementor-widget elementor-widget-heading\" data-id=\"e06ba23\" data-element_type=\"widget\" data-widget_type=\"heading.default\">\n\t\t\t\t<div class=\"elementor-widget-container\">\n\t\t\t\t\t<h2 class=\"elementor-heading-title elementor-size-default\">Wtorek, 25.05<\/h2>\t\t\t\t<\/div>\n\t\t\t\t<\/div>\n\t\t\t\t<div class=\"elementor-element elementor-element-cdd0d96 elementor-widget elementor-widget-text-editor\" data-id=\"cdd0d96\" data-element_type=\"widget\" data-widget_type=\"text-editor.default\">\n\t\t\t\t<div class=\"elementor-widget-container\">\n\t\t\t\t\t\t\t\t\t<p><strong>\u015aniadanie<\/strong>: Lorem ipsum<br \/><strong>Obiad<\/strong>: Lorem ipsum<br \/><strong>Kolacja<\/strong>: Lorem ipsum<\/p>\t\t\t\t\t\t\t\t<\/div>\n\t\t\t\t<\/div>\n\t\t\t\t<div class=\"elementor-element elementor-element-124e1d1 elementor-widget elementor-widget-heading\" data-id=\"124e1d1\" data-element_type=\"widget\" data-widget_type=\"heading.default\">\n\t\t\t\t<div class=\"elementor-widget-container\">\n\t\t\t\t\t<h2 class=\"elementor-heading-title elementor-size-default\">\u015aroda, 26.05<\/h2>\t\t\t\t<\/div>\n\t\t\t\t<\/div>\n\t\t\t\t<div class=\"elementor-element elementor-element-813f7c9 elementor-widget elementor-widget-text-editor\" data-id=\"813f7c9\" data-element_type=\"widget\" data-widget_type=\"text-editor.default\">\n\t\t\t\t<div class=\"elementor-widget-container\">\n\t\t\t\t\t\t\t\t\t<p><strong>\u015aniadanie<\/strong>: Lorem ipsum<br \/><strong>Obiad<\/strong>: Lorem ipsum<br \/><strong>Kolacja<\/strong>: Lorem ipsum<\/p>\t\t\t\t\t\t\t\t<\/div>\n\t\t\t\t<\/div>\n\t\t\t\t<div class=\"elementor-element elementor-element-b7101ee elementor-widget elementor-widget-heading\" data-id=\"b7101ee\" data-element_type=\"widget\" data-widget_type=\"heading.default\">\n\t\t\t\t<div class=\"elementor-widget-container\">\n\t\t\t\t\t<h2 class=\"elementor-heading-title elementor-size-default\">Czwartek, 27.05<\/h2>\t\t\t\t<\/div>\n\t\t\t\t<\/div>\n\t\t\t\t<div class=\"elementor-element elementor-element-2ab6126 elementor-widget elementor-widget-text-editor\" data-id=\"2ab6126\" data-element_type=\"widget\" data-widget_type=\"text-editor.default\">\n\t\t\t\t<div class=\"elementor-widget-container\">\n\t\t\t\t\t\t\t\t\t<p><strong>\u015aniadanie<\/strong>: Lorem ipsum<br \/><strong>Obiad<\/strong>: Lorem ipsum<br \/><strong>Kolacja<\/strong>: Lorem ipsum<\/p>\t\t\t\t\t\t\t\t<\/div>\n\t\t\t\t<\/div>\n\t\t\t\t<div class=\"elementor-element elementor-element-1b66d87 elementor-widget elementor-widget-heading\" data-id=\"1b66d87\" data-element_type=\"widget\" data-widget_type=\"heading.default\">\n\t\t\t\t<div class=\"elementor-widget-container\">\n\t\t\t\t\t<h2 class=\"elementor-heading-title elementor-size-default\">Pi\u0105tek, 28.05<\/h2>\t\t\t\t<\/div>\n\t\t\t\t<\/div>\n\t\t\t\t<div class=\"elementor-element elementor-element-1915ce2 elementor-widget elementor-widget-text-editor\" data-id=\"1915ce2\" data-element_type=\"widget\" data-widget_type=\"text-editor.default\">\n\t\t\t\t<div class=\"elementor-widget-container\">\n\t\t\t\t\t\t\t\t\t<p><strong>\u015aniadanie<\/strong>: Lorem ipsum<br \/><strong>Obiad<\/strong>: Lorem ipsum<br \/><strong>Kolacja<\/strong>: Lorem ipsum<\/p>\t\t\t\t\t\t\t\t<\/div>\n\t\t\t\t<\/div>\n\t\t\t\t\t<\/div>\n\t\t\t\t<\/div>\n\t\t\t\t<\/div>\n\t\t","protected":false},"excerpt":{"rendered":"<p>Jad\u0142ospis Poniedzia\u0142ek, 24.05 \u015aniadanie: Lorem ipsumObiad: Lorem ipsumKolacja: Lorem ipsum Wtorek, 25.05 \u015aniadanie: Lorem ipsumObiad: Lorem ipsumKolacja: Lorem ipsum \u015aroda, 26.05 \u015aniadanie: Lorem ipsumObiad: Lorem ipsumKolacja: Lorem ipsum Czwartek, 27.05 \u015aniadanie: Lorem ipsumObiad: Lorem ipsumKolacja: Lorem ipsum Pi\u0105tek, 28.05 \u015aniadanie: Lorem ipsumObiad: Lorem ipsumKolacja: Lorem ipsum<\/p>\n","protected":false},"author":1,"featured_media":0,"parent":0,"menu_order":0,"comment_status":"closed","ping_status":"closed","template":"","meta":{"footnotes":""},"class_list":["post-1778","page","type-page","status-publish","hentry"],"_links":{"self":[{"href":"https:\/\/moszczanica.stronazen.pl\/index.php\/wp-json\/wp\/v2\/pages\/1778","targetHints":{"allow":["GET"]}}],"collection":[{"href":"https:\/\/moszczanica.stronazen.pl\/index.php\/wp-json\/wp\/v2\/pages"}],"about":[{"href":"https:\/\/moszczanica.stronazen.pl\/index.php\/wp-json\/wp\/v2\/types\/page"}],"author":[{"embeddable":true,"href":"https:\/\/moszczanica.stronazen.pl\/index.php\/wp-json\/wp\/v2\/users\/1"}],"replies":[{"embeddable":true,"href":"https:\/\/moszczanica.stronazen.pl\/index.php\/wp-json\/wp\/v2\/comments?post=1778"}],"version-history":[{"count":7,"href":"https:\/\/moszczanica.stronazen.pl\/index.php\/wp-json\/wp\/v2\/pages\/1778\/revisions"}],"predecessor-version":[{"id":4470,"href":"https:\/\/moszczanica.stronazen.pl\/index.php\/wp-json\/wp\/v2\/pages\/1778\/revisions\/4470"}],"wp:attachment":[{"href":"https:\/\/moszczanica.stronazen.pl\/index.php\/wp-json\/wp\/v2\/media?parent=1778"}],"curies":[{"name":"wp","href":"https:\/\/api.w.org\/{rel}","templated":true}]}}