{"id":2903,"date":"2025-06-20T14:10:41","date_gmt":"2025-06-20T12:10:41","guid":{"rendered":"https:\/\/moszczanica.stronazen.pl\/?page_id=2903"},"modified":"2025-06-20T15:17:47","modified_gmt":"2025-06-20T13:17:47","slug":"szkola-mistrzostwa-sportowego-biathlon","status":"publish","type":"page","link":"https:\/\/moszczanica.stronazen.pl\/index.php\/szkola-mistrzostwa-sportowego-biathlon\/","title":{"rendered":"Szko\u0142a mistrzostwa sportowego &#8211; biathlon"},"content":{"rendered":"\t\t<div data-elementor-type=\"wp-page\" data-elementor-id=\"2903\" class=\"elementor elementor-2903\">\n\t\t\t\t<div class=\"elementor-element elementor-element-1a6cbde e-flex e-con-boxed e-con e-parent\" data-id=\"1a6cbde\" data-element_type=\"container\">\n\t\t\t\t\t<div class=\"e-con-inner\">\n\t\t\t\t<div class=\"elementor-element elementor-element-98a3311 elementor-widget elementor-widget-heading\" data-id=\"98a3311\" data-element_type=\"widget\" data-widget_type=\"heading.default\">\n\t\t\t\t<div class=\"elementor-widget-container\">\n\t\t\t\t\t<h2 class=\"elementor-heading-title elementor-size-default\">Szko\u0142a mistrzostwa sportowego - biathlon<\/h2>\t\t\t\t<\/div>\n\t\t\t\t<\/div>\n\t\t\t\t\t<\/div>\n\t\t\t\t<\/div>\n\t\t<div class=\"elementor-element elementor-element-dde50e9 e-flex e-con-boxed e-con e-parent\" data-id=\"dde50e9\" data-element_type=\"container\">\n\t\t\t\t\t<div class=\"e-con-inner\">\n\t\t\t\t<div class=\"elementor-element elementor-element-615a57d elementor-widget__width-initial elementor-widget elementor-widget-text-editor\" data-id=\"615a57d\" data-element_type=\"widget\" data-widget_type=\"text-editor.default\">\n\t\t\t\t<div class=\"elementor-widget-container\">\n\t\t\t\t\t\t\t\t\t<p>Liceum og\u00f3lnokszta\u0142c\u0105ce \u2013 szko\u0142a mistrzostwa sportowego w biathlonie to kierunek dla m\u0142odzie\u017cy pragn\u0105cej rozwija\u0107 swoje zdolno\u015bci sportowe. Na zaj\u0119ciach dodatkowych uczniowie trenuj\u0105 jazd\u0119 na nartach biegowych oraz strzelaj\u0105 pod okiem do\u015bwiadczonych instruktor\u00f3w. Wielu z nich bierze udzia\u0142 w zawodach og\u00f3lnopolskich i mi\u0119dzynarodowych z ramienia Biathlonowego Ludowego Klubu Sportowego w \u017bywcu osi\u0105gaj\u0105c liczne sukcesy. <br \/><br \/>Oddzia\u0142 w szkole mistrzostwa sportowego realizuje program szkolenia sportowego, opracowany przez Polski Zwi\u0105zek Biathlonu, zatwierdzony przez Ministerstwo Sportu i Turystyki. Szkolenie specjalistyczne w biathlonie prowadzone jest przez tren\u00f3w specjalist\u00f3w, posiadaj\u0105cych Licencj\u0119 Polskiego Zwi\u0105zku Biathlonu. <br \/><br \/>Podczas szkolenia specjalistycznego w biathlonie podniesiesz poziom sprawno\u015bci og\u00f3lnej, zdob\u0119dziesz klas\u0119 sportow\u0105, kt\u00f3ra umo\u017cliwi Ci podj\u0119cie studi\u00f3w na Akademii Wychowania Fizycznego. <br \/><br \/>Dodatkowo uczestniczy\u0107 b\u0119dziesz w zawodach rangi og\u00f3lnopolskiej, w tym w Mistrzostwach Polski, gdzie uczniowie naszej szko\u0142y od lat odnosz\u0105 wielkie sukcesy. <br \/>B\u0119dziesz mie\u0107 r\u00f3wnie\u017c szans\u0119 reprezentowa\u0107 Polsk\u0119 w zawodach mi\u0119dzynarodowych.<\/p>\t\t\t\t\t\t\t\t<\/div>\n\t\t\t\t<\/div>\n\t\t\t\t\t<\/div>\n\t\t\t\t<\/div>\n\t\t<div class=\"elementor-element elementor-element-3177920 e-flex e-con-boxed e-con e-parent\" data-id=\"3177920\" data-element_type=\"container\">\n\t\t\t\t\t<div class=\"e-con-inner\">\n\t\t\t\t<div class=\"elementor-element elementor-element-e2cb44a elementor-widget elementor-widget-heading\" data-id=\"e2cb44a\" data-element_type=\"widget\" data-widget_type=\"heading.default\">\n\t\t\t\t<div class=\"elementor-widget-container\">\n\t\t\t\t\t<h2 class=\"elementor-heading-title elementor-size-default\">Przedmioty rozszerzone:<\/h2>\t\t\t\t<\/div>\n\t\t\t\t<\/div>\n\t\t\t\t<div class=\"elementor-element elementor-element-2e95256 elementor-widget__width-initial elementor-widget elementor-widget-text-editor\" data-id=\"2e95256\" data-element_type=\"widget\" data-widget_type=\"text-editor.default\">\n\t\t\t\t<div class=\"elementor-widget-container\">\n\t\t\t\t\t\t\t\t\t<p>Historia i biologia<\/p>\t\t\t\t\t\t\t\t<\/div>\n\t\t\t\t<\/div>\n\t\t\t\t\t<\/div>\n\t\t\t\t<\/div>\n\t\t<div class=\"elementor-element elementor-element-7b90d58 e-flex e-con-boxed e-con e-parent\" data-id=\"7b90d58\" data-element_type=\"container\">\n\t\t\t\t\t<div class=\"e-con-inner\">\n\t\t\t\t<div class=\"elementor-element elementor-element-0c39f55 elementor-widget elementor-widget-gallery\" data-id=\"0c39f55\" data-element_type=\"widget\" data-widget_type=\"gallery.default\">\n\t\t\t\t<div class=\"elementor-widget-container\">\n\t\t\t\t\t \t\t\t\t<\/div>\n\t\t\t\t<\/div>\n\t\t\t\t\t<\/div>\n\t\t\t\t<\/div>\n\t\t\t\t<\/div>\n\t\t","protected":false},"excerpt":{"rendered":"<p>Szko\u0142a mistrzostwa sportowego &#8211; biathlon Liceum og\u00f3lnokszta\u0142c\u0105ce \u2013 szko\u0142a mistrzostwa sportowego w biathlonie to kierunek dla m\u0142odzie\u017cy pragn\u0105cej rozwija\u0107 swoje zdolno\u015bci sportowe. Na zaj\u0119ciach dodatkowych uczniowie trenuj\u0105 jazd\u0119 na nartach biegowych oraz strzelaj\u0105 pod okiem do\u015bwiadczonych instruktor\u00f3w. Wielu z nich bierze udzia\u0142 w zawodach og\u00f3lnopolskich i mi\u0119dzynarodowych z ramienia Biathlonowego Ludowego Klubu Sportowego w \u017bywcu [&hellip;]<\/p>\n","protected":false},"author":1,"featured_media":0,"parent":0,"menu_order":0,"comment_status":"closed","ping_status":"closed","template":"","meta":{"footnotes":""},"class_list":["post-2903","page","type-page","status-publish","hentry"],"_links":{"self":[{"href":"https:\/\/moszczanica.stronazen.pl\/index.php\/wp-json\/wp\/v2\/pages\/2903","targetHints":{"allow":["GET"]}}],"collection":[{"href":"https:\/\/moszczanica.stronazen.pl\/index.php\/wp-json\/wp\/v2\/pages"}],"about":[{"href":"https:\/\/moszczanica.stronazen.pl\/index.php\/wp-json\/wp\/v2\/types\/page"}],"author":[{"embeddable":true,"href":"https:\/\/moszczanica.stronazen.pl\/index.php\/wp-json\/wp\/v2\/users\/1"}],"replies":[{"embeddable":true,"href":"https:\/\/moszczanica.stronazen.pl\/index.php\/wp-json\/wp\/v2\/comments?post=2903"}],"version-history":[{"count":7,"href":"https:\/\/moszczanica.stronazen.pl\/index.php\/wp-json\/wp\/v2\/pages\/2903\/revisions"}],"predecessor-version":[{"id":2978,"href":"https:\/\/moszczanica.stronazen.pl\/index.php\/wp-json\/wp\/v2\/pages\/2903\/revisions\/2978"}],"wp:attachment":[{"href":"https:\/\/moszczanica.stronazen.pl\/index.php\/wp-json\/wp\/v2\/media?parent=2903"}],"curies":[{"name":"wp","href":"https:\/\/api.w.org\/{rel}","templated":true}]}}