{"id":2911,"date":"2025-06-20T14:14:01","date_gmt":"2025-06-20T12:14:01","guid":{"rendered":"https:\/\/moszczanica.stronazen.pl\/?page_id=2911"},"modified":"2025-06-20T15:18:17","modified_gmt":"2025-06-20T13:18:17","slug":"szkola-mistrzostwa-sportowego-boks","status":"publish","type":"page","link":"https:\/\/moszczanica.stronazen.pl\/index.php\/szkola-mistrzostwa-sportowego-boks\/","title":{"rendered":"Szko\u0142a mistrzostwa sportowego &#8211; boks"},"content":{"rendered":"\t\t<div data-elementor-type=\"wp-page\" data-elementor-id=\"2911\" class=\"elementor elementor-2911\">\n\t\t\t\t<div class=\"elementor-element elementor-element-9401c90 e-flex e-con-boxed e-con e-parent\" data-id=\"9401c90\" data-element_type=\"container\">\n\t\t\t\t\t<div class=\"e-con-inner\">\n\t\t\t\t<div class=\"elementor-element elementor-element-15b266a elementor-widget elementor-widget-heading\" data-id=\"15b266a\" data-element_type=\"widget\" data-widget_type=\"heading.default\">\n\t\t\t\t<div class=\"elementor-widget-container\">\n\t\t\t\t\t<h2 class=\"elementor-heading-title elementor-size-default\">Szko\u0142a mistrzostwa sportowego - boks<\/h2>\t\t\t\t<\/div>\n\t\t\t\t<\/div>\n\t\t\t\t\t<\/div>\n\t\t\t\t<\/div>\n\t\t<div class=\"elementor-element elementor-element-05cb098 e-flex e-con-boxed e-con e-parent\" data-id=\"05cb098\" data-element_type=\"container\">\n\t\t\t\t\t<div class=\"e-con-inner\">\n\t\t\t\t<div class=\"elementor-element elementor-element-bee04e8 elementor-widget__width-initial elementor-widget elementor-widget-text-editor\" data-id=\"bee04e8\" data-element_type=\"widget\" data-widget_type=\"text-editor.default\">\n\t\t\t\t<div class=\"elementor-widget-container\">\n\t\t\t\t\t\t\t\t\t<p>Bursa, to miejsce dla m\u0142odzie\u017cy pobieraj\u0105cej nauk\u0119 poza domem &#8211; miejscem sta\u0142ego zameldowania. Wychowankom zapewniamy opiek\u0119 24h na dob\u0119. Bursa nr 2 nie zapewnia opieki i wychowania w dniach przerw \u015bwi\u0105tecznych, wolnych od pracy, ferie, wakacje i inne dni wynikaj\u0105ce z organizacji roku szkolnego. Budynki bursy obj\u0119te s\u0105 monitoringiem wewn\u0119trznym ( korytarze) i zewn\u0119trznym. Mieszka\u0144cy bursy maj\u0105 do dyspozycji pokoje 3 i 4 osobowe, na czterech kondygnacjach. Pokoje sprz\u0105ta zamieszkuj\u0105ca je m\u0142odzie\u017c. Pomieszczenia sanitarne s\u0105 wsp\u00f3lne (\u0142azienki, wc) zlokalizowane na ka\u017cdym pi\u0119trze. Mieszka\u0144cy Bursy mog\u0105 korzysta\u0107 z pomieszcze\u0144 wsp\u00f3lnych takich jak:- kuchnia wyposa\u017cona w szafki kuchenne, zlewozmywak, lod\u00f3wk\u0119, mikrofal\u0119, czajnik elektryczny, kuchenk\u0119 elektryczn\u0105 z piekarnikiem.- pralnia wyposa\u017cona w dwie pralki automatyczne, \u017celazko i desk\u0119 do prasowania.- \u015bwietlica i inne wydzielone przestrzenie, w kt\u00f3rych mo\u017cna si\u0119 uczy\u0107, ogl\u0105da\u0107 TV, gra\u0107 w tenisa sto\u0142owego, korzysta\u0107 z si\u0142owni, boiska szkolnego oraz sali gimnastycznej. Bursa nr 2 zapewnia swoim wychowankom wy\u017cywienie 5 dni w tygodniu od poniedzia\u0142kowego \u015bniadania do pi\u0105tkowego obiadu. Posi\u0142ki s\u0105 urozmaicone w formie &#8222;szwedzkiego sto\u0142u \u201e Wykupienia pe\u0142nego wy\u017cywienia stanowi warunek konieczny do zamieszkania w Bursie. Nie zapewniamy specjalistycznej diety.<\/p>\t\t\t\t\t\t\t\t<\/div>\n\t\t\t\t<\/div>\n\t\t\t\t\t<\/div>\n\t\t\t\t<\/div>\n\t\t<div class=\"elementor-element elementor-element-816c938 e-flex e-con-boxed e-con e-parent\" data-id=\"816c938\" data-element_type=\"container\">\n\t\t\t\t\t<div class=\"e-con-inner\">\n\t\t\t\t<div class=\"elementor-element elementor-element-364cf5d elementor-widget elementor-widget-heading\" data-id=\"364cf5d\" data-element_type=\"widget\" data-widget_type=\"heading.default\">\n\t\t\t\t<div class=\"elementor-widget-container\">\n\t\t\t\t\t<h2 class=\"elementor-heading-title elementor-size-default\">Przedmioty rozszerzone:<\/h2>\t\t\t\t<\/div>\n\t\t\t\t<\/div>\n\t\t\t\t<div class=\"elementor-element elementor-element-9a9689d elementor-widget__width-initial elementor-widget elementor-widget-text-editor\" data-id=\"9a9689d\" data-element_type=\"widget\" data-widget_type=\"text-editor.default\">\n\t\t\t\t<div class=\"elementor-widget-container\">\n\t\t\t\t\t\t\t\t\t<p>Historia i biologia<\/p>\t\t\t\t\t\t\t\t<\/div>\n\t\t\t\t<\/div>\n\t\t\t\t\t<\/div>\n\t\t\t\t<\/div>\n\t\t<div class=\"elementor-element elementor-element-3ca4598 e-flex e-con-boxed e-con e-parent\" data-id=\"3ca4598\" data-element_type=\"container\">\n\t\t\t\t\t<div class=\"e-con-inner\">\n\t\t\t\t<div class=\"elementor-element elementor-element-816c700 elementor-widget elementor-widget-heading\" data-id=\"816c700\" data-element_type=\"widget\" data-widget_type=\"heading.default\">\n\t\t\t\t<div class=\"elementor-widget-container\">\n\t\t\t\t\t<h2 class=\"elementor-heading-title elementor-size-default\">Galeria<\/h2>\t\t\t\t<\/div>\n\t\t\t\t<\/div>\n\t\t\t\t<div class=\"elementor-element elementor-element-9b18c2f elementor-widget elementor-widget-gallery\" data-id=\"9b18c2f\" data-element_type=\"widget\" data-widget_type=\"gallery.default\">\n\t\t\t\t<div class=\"elementor-widget-container\">\n\t\t\t\t\t \t\t\t\t<\/div>\n\t\t\t\t<\/div>\n\t\t\t\t\t<\/div>\n\t\t\t\t<\/div>\n\t\t\t\t<\/div>\n\t\t","protected":false},"excerpt":{"rendered":"<p>Szko\u0142a mistrzostwa sportowego &#8211; boks Bursa, to miejsce dla m\u0142odzie\u017cy pobieraj\u0105cej nauk\u0119 poza domem &#8211; miejscem sta\u0142ego zameldowania. Wychowankom zapewniamy opiek\u0119 24h na dob\u0119. Bursa nr 2 nie zapewnia opieki i wychowania w dniach przerw \u015bwi\u0105tecznych, wolnych od pracy, ferie, wakacje i inne dni wynikaj\u0105ce z organizacji roku szkolnego. Budynki bursy obj\u0119te s\u0105 monitoringiem wewn\u0119trznym [&hellip;]<\/p>\n","protected":false},"author":1,"featured_media":0,"parent":0,"menu_order":0,"comment_status":"closed","ping_status":"closed","template":"","meta":{"footnotes":""},"class_list":["post-2911","page","type-page","status-publish","hentry"],"_links":{"self":[{"href":"https:\/\/moszczanica.stronazen.pl\/index.php\/wp-json\/wp\/v2\/pages\/2911","targetHints":{"allow":["GET"]}}],"collection":[{"href":"https:\/\/moszczanica.stronazen.pl\/index.php\/wp-json\/wp\/v2\/pages"}],"about":[{"href":"https:\/\/moszczanica.stronazen.pl\/index.php\/wp-json\/wp\/v2\/types\/page"}],"author":[{"embeddable":true,"href":"https:\/\/moszczanica.stronazen.pl\/index.php\/wp-json\/wp\/v2\/users\/1"}],"replies":[{"embeddable":true,"href":"https:\/\/moszczanica.stronazen.pl\/index.php\/wp-json\/wp\/v2\/comments?post=2911"}],"version-history":[{"count":10,"href":"https:\/\/moszczanica.stronazen.pl\/index.php\/wp-json\/wp\/v2\/pages\/2911\/revisions"}],"predecessor-version":[{"id":2981,"href":"https:\/\/moszczanica.stronazen.pl\/index.php\/wp-json\/wp\/v2\/pages\/2911\/revisions\/2981"}],"wp:attachment":[{"href":"https:\/\/moszczanica.stronazen.pl\/index.php\/wp-json\/wp\/v2\/media?parent=2911"}],"curies":[{"name":"wp","href":"https:\/\/api.w.org\/{rel}","templated":true}]}}