{"id":2919,"date":"2025-06-20T14:56:39","date_gmt":"2025-06-20T12:56:39","guid":{"rendered":"https:\/\/moszczanica.stronazen.pl\/?page_id=2919"},"modified":"2025-06-20T15:18:44","modified_gmt":"2025-06-20T13:18:44","slug":"technik-hotelarstwa","status":"publish","type":"page","link":"https:\/\/moszczanica.stronazen.pl\/index.php\/technik-hotelarstwa\/","title":{"rendered":"Technik hotelarstwa"},"content":{"rendered":"\t\t<div data-elementor-type=\"wp-page\" data-elementor-id=\"2919\" class=\"elementor elementor-2919\">\n\t\t\t\t<div class=\"elementor-element elementor-element-b98f3fb e-flex e-con-boxed e-con e-parent\" data-id=\"b98f3fb\" data-element_type=\"container\">\n\t\t\t\t\t<div class=\"e-con-inner\">\n\t\t\t\t<div class=\"elementor-element elementor-element-db213a9 elementor-widget elementor-widget-heading\" data-id=\"db213a9\" data-element_type=\"widget\" data-widget_type=\"heading.default\">\n\t\t\t\t<div class=\"elementor-widget-container\">\n\t\t\t\t\t<h2 class=\"elementor-heading-title elementor-size-default\">Technik hotelarstwa<\/h2>\t\t\t\t<\/div>\n\t\t\t\t<\/div>\n\t\t\t\t\t<\/div>\n\t\t\t\t<\/div>\n\t\t<div class=\"elementor-element elementor-element-978cb6c e-flex e-con-boxed e-con e-parent\" data-id=\"978cb6c\" data-element_type=\"container\">\n\t\t\t\t\t<div class=\"e-con-inner\">\n\t\t\t\t<div class=\"elementor-element elementor-element-f61c357 elementor-widget__width-initial elementor-widget elementor-widget-text-editor\" data-id=\"f61c357\" data-element_type=\"widget\" data-widget_type=\"text-editor.default\">\n\t\t\t\t<div class=\"elementor-widget-container\">\n\t\t\t\t\t\t\t\t\t<p>Technikum Hotelarstwa przygotowuje m\u0142odzie\u017c do kompleksowej obs\u0142ugi go\u015bci w hotelu, sprzeda\u017cy <br \/>us\u0142ug hotelarskich on line jak i prowadzenia obiekt\u00f3w hotelarskich. Swoje umiej\u0119tno\u015bci praktyczne <br \/>szlifuj\u0105 w nowoczesnej pracowni hotelarsko- informatycznej a tak\u017ce firmie symulacyjnej Hoteliku <br \/>Pod D\u0119bem z profesjonalnym zapleczem hotelowym. Istotnym elementem kszta\u0142cenia w tym <br \/>zawodzie s\u0105 warsztaty i wizyty w obiektach hotelarskich ciesz\u0105ce si\u0119 du\u017cym uznaniem m\u0142odzie\u017cy a <br \/>tak\u017ce praktyki w renomowanych hotelach w kraju i zagranic\u0105. Podczas zaj\u0119\u0107 praktycznych uczniowie <br \/>poznaj\u0105 nowoczesne metody promocji i sprzeda\u017cy us\u0142ug hotelarskich online co jest obecnie <br \/>podstaw\u0105 pracy we wsp\u00f3\u0142czesnym hotelarstwie. <br \/><br \/>Technikum hotelarstwa to zaw\u00f3d z przysz\u0142o\u015bci\u0105, kt\u00f3ry doskonale przygotowuje absolwent\u00f3w do <br \/>turystycznego rynku pracy w regionie.<\/p>\t\t\t\t\t\t\t\t<\/div>\n\t\t\t\t<\/div>\n\t\t\t\t\t<\/div>\n\t\t\t\t<\/div>\n\t\t<div class=\"elementor-element elementor-element-c5fa27d e-flex e-con-boxed e-con e-parent\" data-id=\"c5fa27d\" data-element_type=\"container\">\n\t\t\t\t\t<div class=\"e-con-inner\">\n\t\t\t\t<div class=\"elementor-element elementor-element-317c3c6 elementor-widget elementor-widget-heading\" data-id=\"317c3c6\" data-element_type=\"widget\" data-widget_type=\"heading.default\">\n\t\t\t\t<div class=\"elementor-widget-container\">\n\t\t\t\t\t<h2 class=\"elementor-heading-title elementor-size-default\">Szkolimy m\u0142odzie\u017c w zakresie:<\/h2>\t\t\t\t<\/div>\n\t\t\t\t<\/div>\n\t\t\t\t<div class=\"elementor-element elementor-element-712987c elementor-widget__width-initial elementor-widget elementor-widget-text-editor\" data-id=\"712987c\" data-element_type=\"widget\" data-widget_type=\"text-editor.default\">\n\t\t\t\t<div class=\"elementor-widget-container\">\n\t\t\t\t\t\t\t\t\t<ul><li>kompleksowej obs\u0142ugi go\u015bci w obiektach hotelarskich, sprzeda\u017cy us\u0142ug hotelarskich,\n<li>prowadzenia obiekt\u00f3w hotelarskich, pracy w gastronomii, marketingu, jak r\u00f3wnie\u017c administracji hotelowej.<\/li>\n\n\t\t\t\t\t\t\t\t<\/div>\n\t\t\t\t<\/div>\n\t\t\t\t<div class=\"elementor-element elementor-element-d1376fe elementor-widget__width-initial elementor-widget elementor-widget-text-editor\" data-id=\"d1376fe\" data-element_type=\"widget\" data-widget_type=\"text-editor.default\">\n\t\t\t\t<div class=\"elementor-widget-container\">\n\t\t\t\t\t\t\t\t\t<p>Uczniowie maj\u0105 mo\u017cliwo\u015b\u0107 nauki j\u0119zyka angielskiego, hiszpa\u0144skiego i niemieckiego.<br \/>Swoje umiej\u0119tno\u015bci praktyczne szlifuj\u0105 w nowoczesnej pracowni hotelarsko- informatycznej, a tak\u017ce<br \/>firmie symulacyjnej Hoteliku Pod D\u0119bem z profesjonalnym zapleczem hotelowym i gastronomicznym.<br \/>W pi\u0119cioletnim cyklu kszta\u0142cenia realizowane s\u0105 praktyczne przedmioty z hotelarstwa, gastronomii<br \/>oraz informatyki w hotelarstwie.<\/p><p>Wsp\u00f3\u0142pracujemy z takimi obiektami hotelarskimi jak: Hotel \u017bywiecki, Hotel Zimnik, Qubus Hotel<br \/>Bielsko- Bia\u0142a, Papuga Park Hotel, Leonardo Boutique Old Town Krak\u00f3w, Novotel Krak\u00f3w Centrum,<br \/>NYX Warsaw i wiele innych.<\/p><p>Praktyki organizujemy w obiektach hotelarskich na terenie ca\u0142ej Polski jaki i za granic\u0105.<\/p><p>Okres kszta\u0142cenia trwa 5 lat. W czasie trwania nauki ucze\u0144 zdobywa 2 kwalifikacje zawodowe:<br \/>HGT.03. Obs\u0142uga go\u015bci w obiekcie \u015bwiadcz\u0105cym us\u0142ugi hotelarskie \u2013 egzamin w trzeciej klasie<br \/>HGT.06. Realizacja us\u0142ug w recepcji \u2013 egzamin w styczniu w klasie pi\u0105tej.<\/p><p>W szkole odbywaj\u0105 si\u0119 wszystkie egzaminy zawodowe.<br \/>We wszystkich oddzia\u0142ach technikum j\u0119zykiem obcym wiod\u0105cym jest j\u0119zyk angielski. Uczniowie maj\u0105<br \/>mo\u017cliwo\u015b\u0107 wyboru drugiego nowo\u017cytnego j\u0119zyka obcego spo\u015br\u00f3d nast\u0119puj\u0105cych: niemiecki,<br \/>hiszpa\u0144ski. Warunkiem utworzenia grupy j\u0119zykowej jest wybranie danego j\u0119zyka obcego przez<br \/>minimum 15 os\u00f3b w grupie mi\u0119dzyoddzia\u0142owej.<\/p>\t\t\t\t\t\t\t\t<\/div>\n\t\t\t\t<\/div>\n\t\t\t\t<div class=\"elementor-element elementor-element-df566d4 elementor-widget elementor-widget-heading\" data-id=\"df566d4\" data-element_type=\"widget\" data-widget_type=\"heading.default\">\n\t\t\t\t<div class=\"elementor-widget-container\">\n\t\t\t\t\t<h2 class=\"elementor-heading-title elementor-size-default\">Przedmioty rozszerzone:<\/h2>\t\t\t\t<\/div>\n\t\t\t\t<\/div>\n\t\t\t\t<div class=\"elementor-element elementor-element-396437c elementor-widget__width-initial elementor-widget elementor-widget-text-editor\" data-id=\"396437c\" data-element_type=\"widget\" data-widget_type=\"text-editor.default\">\n\t\t\t\t<div class=\"elementor-widget-container\">\n\t\t\t\t\t\t\t\t\t<p>Historia i biologia<\/p>\t\t\t\t\t\t\t\t<\/div>\n\t\t\t\t<\/div>\n\t\t\t\t\t<\/div>\n\t\t\t\t<\/div>\n\t\t<div class=\"elementor-element elementor-element-082a5a5 e-flex e-con-boxed e-con e-parent\" data-id=\"082a5a5\" data-element_type=\"container\">\n\t\t\t\t\t<div class=\"e-con-inner\">\n\t\t\t\t<div class=\"elementor-element elementor-element-facc585 elementor-widget elementor-widget-heading\" data-id=\"facc585\" data-element_type=\"widget\" data-widget_type=\"heading.default\">\n\t\t\t\t<div class=\"elementor-widget-container\">\n\t\t\t\t\t<h2 class=\"elementor-heading-title elementor-size-default\">Galeria<\/h2>\t\t\t\t<\/div>\n\t\t\t\t<\/div>\n\t\t\t\t<div class=\"elementor-element elementor-element-24e500d elementor-widget elementor-widget-gallery\" data-id=\"24e500d\" data-element_type=\"widget\" data-widget_type=\"gallery.default\">\n\t\t\t\t<div class=\"elementor-widget-container\">\n\t\t\t\t\t \t\t\t\t<\/div>\n\t\t\t\t<\/div>\n\t\t\t\t\t<\/div>\n\t\t\t\t<\/div>\n\t\t\t\t<\/div>\n\t\t","protected":false},"excerpt":{"rendered":"<p>Technik hotelarstwa Technikum Hotelarstwa przygotowuje m\u0142odzie\u017c do kompleksowej obs\u0142ugi go\u015bci w hotelu, sprzeda\u017cy us\u0142ug hotelarskich on line jak i prowadzenia obiekt\u00f3w hotelarskich. Swoje umiej\u0119tno\u015bci praktyczne szlifuj\u0105 w nowoczesnej pracowni hotelarsko- informatycznej a tak\u017ce firmie symulacyjnej Hoteliku Pod D\u0119bem z profesjonalnym zapleczem hotelowym. Istotnym elementem kszta\u0142cenia w tym zawodzie s\u0105 warsztaty i wizyty w obiektach hotelarskich [&hellip;]<\/p>\n","protected":false},"author":1,"featured_media":0,"parent":0,"menu_order":0,"comment_status":"closed","ping_status":"closed","template":"","meta":{"footnotes":""},"class_list":["post-2919","page","type-page","status-publish","hentry"],"_links":{"self":[{"href":"https:\/\/moszczanica.stronazen.pl\/index.php\/wp-json\/wp\/v2\/pages\/2919","targetHints":{"allow":["GET"]}}],"collection":[{"href":"https:\/\/moszczanica.stronazen.pl\/index.php\/wp-json\/wp\/v2\/pages"}],"about":[{"href":"https:\/\/moszczanica.stronazen.pl\/index.php\/wp-json\/wp\/v2\/types\/page"}],"author":[{"embeddable":true,"href":"https:\/\/moszczanica.stronazen.pl\/index.php\/wp-json\/wp\/v2\/users\/1"}],"replies":[{"embeddable":true,"href":"https:\/\/moszczanica.stronazen.pl\/index.php\/wp-json\/wp\/v2\/comments?post=2919"}],"version-history":[{"count":10,"href":"https:\/\/moszczanica.stronazen.pl\/index.php\/wp-json\/wp\/v2\/pages\/2919\/revisions"}],"predecessor-version":[{"id":2984,"href":"https:\/\/moszczanica.stronazen.pl\/index.php\/wp-json\/wp\/v2\/pages\/2919\/revisions\/2984"}],"wp:attachment":[{"href":"https:\/\/moszczanica.stronazen.pl\/index.php\/wp-json\/wp\/v2\/media?parent=2919"}],"curies":[{"name":"wp","href":"https:\/\/api.w.org\/{rel}","templated":true}]}}