{"id":3122,"date":"2025-06-20T17:07:57","date_gmt":"2025-06-20T15:07:57","guid":{"rendered":"https:\/\/moszczanica.stronazen.pl\/?page_id=3122"},"modified":"2025-07-02T13:42:43","modified_gmt":"2025-07-02T11:42:43","slug":"kadra-2","status":"publish","type":"page","link":"https:\/\/moszczanica.stronazen.pl\/index.php\/kadra-2\/","title":{"rendered":"Kadra"},"content":{"rendered":"\t\t<div data-elementor-type=\"wp-page\" data-elementor-id=\"3122\" class=\"elementor elementor-3122\">\n\t\t\t\t<div class=\"elementor-element elementor-element-3e742b9 e-flex e-con-boxed e-con e-parent\" data-id=\"3e742b9\" data-element_type=\"container\">\n\t\t\t\t\t<div class=\"e-con-inner\">\n\t\t\t\t<div class=\"elementor-element elementor-element-5ca653e elementor-widget elementor-widget-heading\" data-id=\"5ca653e\" data-element_type=\"widget\" data-widget_type=\"heading.default\">\n\t\t\t\t<div class=\"elementor-widget-container\">\n\t\t\t\t\t<h1 class=\"elementor-heading-title elementor-size-default\">Kadra<\/h1>\t\t\t\t<\/div>\n\t\t\t\t<\/div>\n\t\t\t\t\t<\/div>\n\t\t\t\t<\/div>\n\t\t<div class=\"elementor-element elementor-element-3241d5f e-flex e-con-boxed e-con e-parent\" data-id=\"3241d5f\" data-element_type=\"container\">\n\t\t\t\t\t<div class=\"e-con-inner\">\n\t\t\t\t<div class=\"elementor-element elementor-element-3317cdf elementor-widget elementor-widget-heading\" data-id=\"3317cdf\" data-element_type=\"widget\" data-widget_type=\"heading.default\">\n\t\t\t\t<div class=\"elementor-widget-container\">\n\t\t\t\t\t<h2 class=\"elementor-heading-title elementor-size-default\">Dyrekcja<\/h2>\t\t\t\t<\/div>\n\t\t\t\t<\/div>\n\t\t\t\t\t<\/div>\n\t\t\t\t<\/div>\n\t\t<div class=\"elementor-element elementor-element-202675d e-flex e-con-boxed e-con e-parent\" data-id=\"202675d\" data-element_type=\"container\">\n\t\t\t\t\t<div class=\"e-con-inner\">\n\t\t\t\t<div class=\"elementor-element elementor-element-ebeec70 elementor-widget__width-initial elementor-widget elementor-widget-text-editor\" data-id=\"ebeec70\" data-element_type=\"widget\" data-widget_type=\"text-editor.default\">\n\t\t\t\t<div class=\"elementor-widget-container\">\n\t\t\t\t\t\t\t\t\t<p>Dyrektor \u2013 mgr Miros\u0142aw Staszkiewicz <br \/>Z- ca dyrektora \u2013 mgr Monika Baron <br \/>Z- ca dyrektora \u2013 mgr Dorota Z\u0105bek <br \/>Kierownik warsztat\u00f3w i szkolenia praktycznego &#8211; mgr in\u017c. Adam Walatek<\/p>\t\t\t\t\t\t\t\t<\/div>\n\t\t\t\t<\/div>\n\t\t\t\t<div class=\"elementor-element elementor-element-f4c7765 elementor-widget elementor-widget-heading\" data-id=\"f4c7765\" data-element_type=\"widget\" data-widget_type=\"heading.default\">\n\t\t\t\t<div class=\"elementor-widget-container\">\n\t\t\t\t\t<h2 class=\"elementor-heading-title elementor-size-default\">Nauczyciele<\/h2>\t\t\t\t<\/div>\n\t\t\t\t<\/div>\n\t\t\t\t<div class=\"elementor-element elementor-element-089669f elementor-widget__width-initial elementor-widget elementor-widget-text-editor\" data-id=\"089669f\" data-element_type=\"widget\" data-widget_type=\"text-editor.default\">\n\t\t\t\t<div class=\"elementor-widget-container\">\n\t\t\t\t\t\t\t\t\t<p>mgr Renata Adamska \u2013 j\u0119zyk polski, historia, historia i tera\u017aniejszo\u015b\u0107 <br \/>mgr Zofia Biernat \u2013 j\u0119zyk polski <br \/>mgr Monika Baron \u2013 j\u0119zyk niemiecki, wychowanie do \u017cycia w rodzinie <br \/>mgr Monika Bia\u0142ek \u2013 zaj\u0119cia rewalidacyjne <br \/>mgr Klaudia Bluj \u2013 j\u0119zyk hiszpa\u0144ski <br \/>mgr Andrzej B\u0142achut &#8211; geografia <br \/>mgr Anna Cicha \u2013 historia <br \/>mgr Ewelina Chorostecki \u2013 j\u0119zyk angielski <br \/>Karolina Duraj \u2013 R\u00f3\u017cycka \u2013 przedmioty zawodowe w zawodzie kucharz <br \/>Bogus\u0142awa Dutkiewicz- j\u0119zyk angielski, j\u0119zyk obcy zawodowy <br \/>mgr Grzegorz Filosek &#8211; chemia <br \/>mgr Justyna Gartman \u2013 nauczyciel wsp\u00f3\u0142organizuj\u0105cy proces kszta\u0142cenia <br \/>mgr Arkadiusz Gawron \u2013 wychowanie fizyczne <br \/>mgr Dorota G\u00f3rska \u2013 przedmioty zawodowe w zawodzie technik hotelarstwa <br \/>mgr Renata Grzegorzek \u2013 matematyka <br \/>Zuzanna Janczak \u2013 przedmioty zawodowe w zawodzie technik hodowca koni <br \/>mgr Katarzyna Juraszek \u2013 Wiewi\u00f3ra \u2013 geografia <br \/>mgr Pawe\u0142 Jureczka \u2013 przedmioty zawodowe w zawodzie pszczelarz <br \/>mgr Urszula Kami\u0144szczyk- zaj\u0119cia rewalidacyjne z oligofrenopedagogiem, zaj\u0119cia socjoterapeutyczne <br \/>dr Agnieszka Kastelik \u2013 Herbu\u015b \u2013 j\u0119zyk polski <br \/>Anna Kami\u0144ska \u2013 matematyka, chemia, fizyka <br \/>Stanis\u0142aw K\u0119pka \u2013 szkolenie sportowe- biathlon <br \/>mgr Katarzyna Krupa &#8211; przedmioty zawodowe w zawodzie kucharz oraz technik \u017cywienia i us\u0142ug gastronomicznych <br \/>mgr Jaros\u0142aw Kluz \u2013 wychowanie fizyczne, edukacja dla bezpiecze\u0144stwa <br \/>mgr in\u017c. Ma\u0142gorzata Konstanty \u2013 przedmioty zawodowe w zawodzie kucharz oraz technik \u017cywienia i us\u0142ug gastronomicznych <br \/>mgr Tomasz Korczak \u2013 wychowanie fizyczne <br \/>mgr Teresa Kubielas \u2013 j\u0119zyk angielski <br \/>mgr Ewa Kufel \u2013 j\u0119zyk niemiecki <br \/>mgr in\u017c. Czes\u0142aw Malinka \u2013 przedmioty zawodowe w zawodzie mechanik &#8211; operator pojazd\u00f3w i maszyn rolniczych <br \/>mgr Iwona Miko\u0142ajczyk \u2013 j\u0119zyk angielski, j\u0119zyk obcy zawodowy <br \/>ks. mgr Wies\u0142aw Mrowiec \u2013 religia <br \/>mgr in\u017c. Paulina Mr\u00f3z \u2013 przedmioty zawodowe w zawodzie technik hodowca koni, doradztwo zawodowe <br \/>mgr Sylwia Ostrowska \u2013 Dybczak \u2013 przedmioty zawodowe w zawodzie kucharz oraz technik \u017cywienia i us\u0142ug gastronomicznych <br \/>mgr Joanna Paciecha \u2013 j\u0119zyk niemiecki <br \/>dr Ewa Piecha \u2013 Kasprzyk \u2013 filozofia <br \/>dr Agnieszka Presz- biznes i zarz\u0105dzenie, podstawy marketingu i zarz\u0105dzania, podstawy przedsi\u0119biorczo\u015bci <br \/>mgr Agnieszka Prochownik \u2013 Kulec \u2013 wychowanie fizyczne <br \/>mgr Piotr Rydarowicz \u2013 j\u0119zyk niemiecki <br \/>mgr Anna Ryszka &#8211; geografia <br \/>mgr in\u017c. Iwona Sat\u0142awa \u2013 przedmioty zawodowe w zawodzie hodowca koni <br \/>mgr Bernadeta Socha \u2013 W\u0142oczek \u2013 matematyka, fizyka <br \/>mgr in\u017c. Anna Stachura &#8211; przedmioty zawodowe w zawodzie kucharz oraz technik \u017cywienia i us\u0142ug gastronomicznych <br \/>mgr Marta Stajniak \u2013 wychowanie fizyczne, zaj\u0119cia rewalidacyjne <br \/>mgr Marta Stok\u0142osa \u2013 j\u0119zyk polski <br \/>mgr Edyta Sucho\u0144ska \u2013 historia, historia i tera\u017aniejszo\u015b\u0107, zaj\u0119cia rewalidacyjne <br \/>mgr Paulina Szewczyk \u2013 matematyka, informatyka <br \/>mgr Piotr Szewczyk &#8211; historia, historia i tera\u017aniejszo\u015b\u0107 <br \/>mgr in\u017c. Janina \u015acieszka \u2013 biologia, przedmioty zawodowe w zawodzie technik hodowca koni oraz pszczelarz <br \/>mgr Alicja \u015al\u0119zak \u2013 Stachulak \u2013 j\u0119zyk polski, zaj\u0119cia rewalidacyjne <br \/>mgr Pawe\u0142 \u015aleziak &#8211; informatyka <br \/>mgr Ewa Tch\u00f3rzewska \u2013 Pierlak \u2013 j\u0119zyk polski, j\u0119zyk angielski, j\u0119zyk obcy zawodowy <br \/>mgr Andrzej Toczek \u2013 edukacja dla bezpiecze\u0144stwa, szkolenie wojskowe, edukacja wojskowa <br \/>mgr in\u017c. Daniel Tomaszek &#8211; przedmioty zawodowe w zawodzie mechanik &#8211; operator pojazd\u00f3w i maszyn rolniczych, fizyka <br \/>mgr Joanna Tomaszek \u2013 biologia <br \/>mgr Mariusz Urbaniec \u2013 historia <br \/>mgr Adam Walatek &#8211; przedmioty zawodowe w zawodzie mechanik &#8211; operator pojazd\u00f3w i maszyn rolniczych oraz technik hodowca koni <br \/>mgr Agata Wandzel \u2013 wychowanie fizyczne <br \/>mgr Jolanta Winiarska \u2013 Hankus &#8211; przedmioty zawodowe w zawodzie technik hotelarstwa <br \/>mgr Marek Wis\u0142a \u2013 informatyka <br \/>mgr Tomasz Wolny \u2013 szkolenie sportowe boks <br \/>mgr Dorota Z\u0105bek \u2013 j\u0119zyk polski, zaj\u0119cia socjoterapeutyczne <br \/>mgr Szymon Za\u0142\u0119ski \u2013 religia <br \/>mgr Pawe\u0142 \u017bygli\u0144ski \u2013 szkolenie wojskowe, edukacja wojskowa <br \/>mgr Joanna \u017byrek \u2013 biologia<\/p>\t\t\t\t\t\t\t\t<\/div>\n\t\t\t\t<\/div>\n\t\t\t\t<div class=\"elementor-element elementor-element-14f510e elementor-widget elementor-widget-heading\" data-id=\"14f510e\" data-element_type=\"widget\" data-widget_type=\"heading.default\">\n\t\t\t\t<div class=\"elementor-widget-container\">\n\t\t\t\t\t<h2 class=\"elementor-heading-title elementor-size-default\">Pedagog szkolny<\/h2>\t\t\t\t<\/div>\n\t\t\t\t<\/div>\n\t\t\t\t\t<\/div>\n\t\t\t\t<\/div>\n\t\t<div class=\"elementor-element elementor-element-9311045 e-flex e-con-boxed e-con e-parent\" data-id=\"9311045\" data-element_type=\"container\">\n\t\t\t\t\t<div class=\"e-con-inner\">\n\t\t\t\t<div class=\"elementor-element elementor-element-d9c887a elementor-widget__width-initial elementor-widget elementor-widget-text-editor\" data-id=\"d9c887a\" data-element_type=\"widget\" data-widget_type=\"text-editor.default\">\n\t\t\t\t<div class=\"elementor-widget-container\">\n\t\t\t\t\t\t\t\t\t<p>mgr Urszula Kami\u0144szczyk- pedagog, zaj\u0119cia rewalidacyjne z oligofrenopedagogiem, zaj\u0119cia socjoterapeutyczne <br \/>mgr Monika Bia\u0142ek- pedagog specjalny, zaj\u0119cia rewalidacyjne<\/p>\t\t\t\t\t\t\t\t<\/div>\n\t\t\t\t<\/div>\n\t\t\t\t<div class=\"elementor-element elementor-element-f2a91be elementor-widget elementor-widget-heading\" data-id=\"f2a91be\" data-element_type=\"widget\" data-widget_type=\"heading.default\">\n\t\t\t\t<div class=\"elementor-widget-container\">\n\t\t\t\t\t<h2 class=\"elementor-heading-title elementor-size-default\">Bursa<\/h2>\t\t\t\t<\/div>\n\t\t\t\t<\/div>\n\t\t\t\t<div class=\"elementor-element elementor-element-f08fbbf elementor-widget__width-initial elementor-widget elementor-widget-text-editor\" data-id=\"f08fbbf\" data-element_type=\"widget\" data-widget_type=\"text-editor.default\">\n\t\t\t\t<div class=\"elementor-widget-container\">\n\t\t\t\t\t\t\t\t\t<p>mgr Edyta Walatek-Kowalewska- obowi\u0105zki bibliotekarza, obowi\u0105zki wychowawcy w bursie <br \/>mgr Ewa Ha\u0144czak- obowi\u0105zki wychowawcy w bursie <br \/>mgr Dominik Kufel- obowi\u0105zki wychowawcy w bursie <br \/>mgr Barbara Sanetra-Wanczura &#8211; obowi\u0105zki wychowawcy w bursie <br \/>mgr Klaudia Bluj \u2013 obowi\u0105zki wychowawcy w bursie<\/p>\t\t\t\t\t\t\t\t<\/div>\n\t\t\t\t<\/div>\n\t\t\t\t<div class=\"elementor-element elementor-element-4e85c1d elementor-widget elementor-widget-heading\" data-id=\"4e85c1d\" data-element_type=\"widget\" data-widget_type=\"heading.default\">\n\t\t\t\t<div class=\"elementor-widget-container\">\n\t\t\t\t\t<h2 class=\"elementor-heading-title elementor-size-default\">Sekretariat<\/h2>\t\t\t\t<\/div>\n\t\t\t\t<\/div>\n\t\t\t\t<div class=\"elementor-element elementor-element-7e71542 elementor-widget__width-initial elementor-widget elementor-widget-text-editor\" data-id=\"7e71542\" data-element_type=\"widget\" data-widget_type=\"text-editor.default\">\n\t\t\t\t<div class=\"elementor-widget-container\">\n\t\t\t\t\t\t\t\t\t<p>Sekretariat: Karolina Por\u0119bska <br \/>Kierownik gospodarczy: Dorota Hulb\u00f3j<br \/>Intendent: Gra\u017cyna Firleta<\/p>\t\t\t\t\t\t\t\t<\/div>\n\t\t\t\t<\/div>\n\t\t\t\t<div class=\"elementor-element elementor-element-36bebd8 elementor-widget elementor-widget-heading\" data-id=\"36bebd8\" data-element_type=\"widget\" data-widget_type=\"heading.default\">\n\t\t\t\t<div class=\"elementor-widget-container\">\n\t\t\t\t\t<h2 class=\"elementor-heading-title elementor-size-default\">Schronisko m\u0142odzie\u017cowe<\/h2>\t\t\t\t<\/div>\n\t\t\t\t<\/div>\n\t\t\t\t<div class=\"elementor-element elementor-element-1000a94 elementor-widget__width-initial elementor-widget elementor-widget-text-editor\" data-id=\"1000a94\" data-element_type=\"widget\" data-widget_type=\"text-editor.default\">\n\t\t\t\t<div class=\"elementor-widget-container\">\n\t\t\t\t\t\t\t\t\t<p>Sabina Pietraszko<\/p>\t\t\t\t\t\t\t\t<\/div>\n\t\t\t\t<\/div>\n\t\t\t\t<div class=\"elementor-element elementor-element-629fd5e elementor-widget elementor-widget-heading\" data-id=\"629fd5e\" data-element_type=\"widget\" data-widget_type=\"heading.default\">\n\t\t\t\t<div class=\"elementor-widget-container\">\n\t\t\t\t\t<h2 class=\"elementor-heading-title elementor-size-default\">Obs\u0142uga<\/h2>\t\t\t\t<\/div>\n\t\t\t\t<\/div>\n\t\t\t\t<div class=\"elementor-element elementor-element-bf8aaca elementor-widget__width-initial elementor-widget elementor-widget-text-editor\" data-id=\"bf8aaca\" data-element_type=\"widget\" data-widget_type=\"text-editor.default\">\n\t\t\t\t<div class=\"elementor-widget-container\">\n\t\t\t\t\t\t\t\t\t<p>Jolanta Liszka &#8211; wo\u017ana <br \/>Anita Hasanaj <br \/>Agata Dziki <br \/>El\u017cbieta Tomaszek <br \/>Agata B\u0142achut <br \/>Martyna Gibas <br \/>Jakub Kittner <br \/>Marcin Staszkiewicz <br \/>W\u0142adys\u0142aw Tomaszek <br \/>Ryszard Targosz <br \/>Sabian Cha\u0142upnik<\/p>\t\t\t\t\t\t\t\t<\/div>\n\t\t\t\t<\/div>\n\t\t\t\t<div class=\"elementor-element elementor-element-bb2621d elementor-widget elementor-widget-heading\" data-id=\"bb2621d\" data-element_type=\"widget\" data-widget_type=\"heading.default\">\n\t\t\t\t<div class=\"elementor-widget-container\">\n\t\t\t\t\t<h2 class=\"elementor-heading-title elementor-size-default\">Kuchnia<\/h2>\t\t\t\t<\/div>\n\t\t\t\t<\/div>\n\t\t\t\t<div class=\"elementor-element elementor-element-fab8549 elementor-widget__width-initial elementor-widget elementor-widget-text-editor\" data-id=\"fab8549\" data-element_type=\"widget\" data-widget_type=\"text-editor.default\">\n\t\t\t\t<div class=\"elementor-widget-container\">\n\t\t\t\t\t\t\t\t\t<p>Agnieszka Tracz \u2013 szefowa kuchni <br \/>Iwona Pawlus <br \/>Sylwia Gawli\u0144ska<\/p>\t\t\t\t\t\t\t\t<\/div>\n\t\t\t\t<\/div>\n\t\t\t\t\t<\/div>\n\t\t\t\t<\/div>\n\t\t\t\t<\/div>\n\t\t","protected":false},"excerpt":{"rendered":"<p>Kadra Dyrekcja Dyrektor \u2013 mgr Miros\u0142aw Staszkiewicz Z- ca dyrektora \u2013 mgr Monika Baron Z- ca dyrektora \u2013 mgr Dorota Z\u0105bek Kierownik warsztat\u00f3w i szkolenia praktycznego &#8211; mgr in\u017c. Adam Walatek Nauczyciele mgr Renata Adamska \u2013 j\u0119zyk polski, historia, historia i tera\u017aniejszo\u015b\u0107 mgr Zofia Biernat \u2013 j\u0119zyk polski mgr Monika Baron \u2013 j\u0119zyk niemiecki, wychowanie [&hellip;]<\/p>\n","protected":false},"author":1,"featured_media":0,"parent":0,"menu_order":0,"comment_status":"closed","ping_status":"closed","template":"","meta":{"footnotes":""},"class_list":["post-3122","page","type-page","status-publish","hentry"],"_links":{"self":[{"href":"https:\/\/moszczanica.stronazen.pl\/index.php\/wp-json\/wp\/v2\/pages\/3122","targetHints":{"allow":["GET"]}}],"collection":[{"href":"https:\/\/moszczanica.stronazen.pl\/index.php\/wp-json\/wp\/v2\/pages"}],"about":[{"href":"https:\/\/moszczanica.stronazen.pl\/index.php\/wp-json\/wp\/v2\/types\/page"}],"author":[{"embeddable":true,"href":"https:\/\/moszczanica.stronazen.pl\/index.php\/wp-json\/wp\/v2\/users\/1"}],"replies":[{"embeddable":true,"href":"https:\/\/moszczanica.stronazen.pl\/index.php\/wp-json\/wp\/v2\/comments?post=3122"}],"version-history":[{"count":7,"href":"https:\/\/moszczanica.stronazen.pl\/index.php\/wp-json\/wp\/v2\/pages\/3122\/revisions"}],"predecessor-version":[{"id":4401,"href":"https:\/\/moszczanica.stronazen.pl\/index.php\/wp-json\/wp\/v2\/pages\/3122\/revisions\/4401"}],"wp:attachment":[{"href":"https:\/\/moszczanica.stronazen.pl\/index.php\/wp-json\/wp\/v2\/media?parent=3122"}],"curies":[{"name":"wp","href":"https:\/\/api.w.org\/{rel}","templated":true}]}}