{"id":3135,"date":"2025-06-20T17:15:39","date_gmt":"2025-06-20T15:15:39","guid":{"rendered":"https:\/\/moszczanica.stronazen.pl\/?page_id=3135"},"modified":"2025-06-30T16:16:57","modified_gmt":"2025-06-30T14:16:57","slug":"kalendarz","status":"publish","type":"page","link":"https:\/\/moszczanica.stronazen.pl\/index.php\/kalendarz\/","title":{"rendered":"Kalendarz"},"content":{"rendered":"\t\t<div data-elementor-type=\"wp-page\" data-elementor-id=\"3135\" class=\"elementor elementor-3135\">\n\t\t\t\t<div class=\"elementor-element elementor-element-7b7440d e-flex e-con-boxed e-con e-parent\" data-id=\"7b7440d\" data-element_type=\"container\">\n\t\t\t\t\t<div class=\"e-con-inner\">\n\t\t\t\t<div class=\"elementor-element elementor-element-61e6c3d elementor-widget elementor-widget-heading\" data-id=\"61e6c3d\" data-element_type=\"widget\" data-widget_type=\"heading.default\">\n\t\t\t\t<div class=\"elementor-widget-container\">\n\t\t\t\t\t<h2 class=\"elementor-heading-title elementor-size-default\">Kalendarz<\/h2>\t\t\t\t<\/div>\n\t\t\t\t<\/div>\n\t\t\t\t\t<\/div>\n\t\t\t\t<\/div>\n\t\t<div class=\"elementor-element elementor-element-62ab18f e-con-full e-flex e-con e-parent\" data-id=\"62ab18f\" data-element_type=\"container\" data-settings=\"{&quot;background_background&quot;:&quot;classic&quot;}\">\n\t\t<div class=\"elementor-element elementor-element-1924fe0 e-con-full wydarzenia-blok1 e-flex e-con e-child\" data-id=\"1924fe0\" data-element_type=\"container\">\n\t\t\t\t<div class=\"elementor-element elementor-element-3ad1748 wydarzenia-ikona1 elementor-widget-tablet__width-initial elementor-widget elementor-widget-heading\" data-id=\"3ad1748\" data-element_type=\"widget\" data-widget_type=\"heading.default\">\n\t\t\t\t<div class=\"elementor-widget-container\">\n\t\t\t\t\t<h2 class=\"elementor-heading-title elementor-size-default\"><br>28<br> MAR<\/h2>\t\t\t\t<\/div>\n\t\t\t\t<\/div>\n\t\t\t\t<div class=\"elementor-element elementor-element-016cba4 elementor-widget__width-initial wydarzenia-naglowek1 elementor-widget elementor-widget-heading\" data-id=\"016cba4\" data-element_type=\"widget\" data-widget_type=\"heading.default\">\n\t\t\t\t<div class=\"elementor-widget-container\">\n\t\t\t\t\t<h2 class=\"elementor-heading-title elementor-size-default\">Powiatowa Gie\u0142da Szk\u00f3\u0142<br> Ponadpodstawowych<\/h2>\t\t\t\t<\/div>\n\t\t\t\t<\/div>\n\t\t\t\t<\/div>\n\t\t<div class=\"elementor-element elementor-element-742f4c9 e-con-full wydarzenia-blok1 e-flex e-con e-child\" data-id=\"742f4c9\" data-element_type=\"container\">\n\t\t\t\t<div class=\"elementor-element elementor-element-0a3542f elementor-widget-tablet__width-initial wydarzenia-ikona1 elementor-widget elementor-widget-heading\" data-id=\"0a3542f\" data-element_type=\"widget\" data-widget_type=\"heading.default\">\n\t\t\t\t<div class=\"elementor-widget-container\">\n\t\t\t\t\t<h2 class=\"elementor-heading-title elementor-size-default\"><br>06<br> KWI<\/h2>\t\t\t\t<\/div>\n\t\t\t\t<\/div>\n\t\t\t\t<div class=\"elementor-element elementor-element-a26513b elementor-widget__width-initial wydarzenia-naglowek1 elementor-widget elementor-widget-heading\" data-id=\"a26513b\" data-element_type=\"widget\" data-widget_type=\"heading.default\">\n\t\t\t\t<div class=\"elementor-widget-container\">\n\t\t\t\t\t<h2 class=\"elementor-heading-title elementor-size-default\">Zebranie rodzic\u00f3w<\/h2>\t\t\t\t<\/div>\n\t\t\t\t<\/div>\n\t\t\t\t<\/div>\n\t\t<div class=\"elementor-element elementor-element-c6d65ad e-con-full wydarzenia-blok1 e-flex e-con e-child\" data-id=\"c6d65ad\" data-element_type=\"container\">\n\t\t\t\t<div class=\"elementor-element elementor-element-56504e6 elementor-widget-tablet__width-initial wydarzenia-ikona1 elementor-widget elementor-widget-heading\" data-id=\"56504e6\" data-element_type=\"widget\" data-widget_type=\"heading.default\">\n\t\t\t\t<div class=\"elementor-widget-container\">\n\t\t\t\t\t<h2 class=\"elementor-heading-title elementor-size-default\"><br>07<br> KWI<\/h2>\t\t\t\t<\/div>\n\t\t\t\t<\/div>\n\t\t\t\t<div class=\"elementor-element elementor-element-b628044 elementor-widget__width-initial wydarzenia-naglowek1 elementor-widget elementor-widget-heading\" data-id=\"b628044\" data-element_type=\"widget\" data-widget_type=\"heading.default\">\n\t\t\t\t<div class=\"elementor-widget-container\">\n\t\t\t\t\t<h2 class=\"elementor-heading-title elementor-size-default\">Przerwa wiosenna<\/h2>\t\t\t\t<\/div>\n\t\t\t\t<\/div>\n\t\t\t\t<\/div>\n\t\t<div class=\"elementor-element elementor-element-511bd56 e-con-full wydarzenia-blok1 e-flex e-con e-child\" data-id=\"511bd56\" data-element_type=\"container\">\n\t\t\t\t<div class=\"elementor-element elementor-element-9c4175c elementor-widget-tablet__width-initial wydarzenia-ikona1 elementor-widget elementor-widget-heading\" data-id=\"9c4175c\" data-element_type=\"widget\" data-widget_type=\"heading.default\">\n\t\t\t\t<div class=\"elementor-widget-container\">\n\t\t\t\t\t<h2 class=\"elementor-heading-title elementor-size-default\"><br>19<br> KWI<\/h2>\t\t\t\t<\/div>\n\t\t\t\t<\/div>\n\t\t\t\t<div class=\"elementor-element elementor-element-c5d0ac1 elementor-widget__width-initial wydarzenia-naglowek1 elementor-widget elementor-widget-heading\" data-id=\"c5d0ac1\" data-element_type=\"widget\" data-widget_type=\"heading.default\">\n\t\t\t\t<div class=\"elementor-widget-container\">\n\t\t\t\t\t<h2 class=\"elementor-heading-title elementor-size-default\">Dni otwarte<\/h2>\t\t\t\t<\/div>\n\t\t\t\t<\/div>\n\t\t\t\t<\/div>\n\t\t<div class=\"elementor-element elementor-element-6f18cec e-con-full wydarzenia-blok1 e-flex e-con e-child\" data-id=\"6f18cec\" data-element_type=\"container\">\n\t\t\t\t<div class=\"elementor-element elementor-element-6da6ab9 elementor-widget-tablet__width-initial wydarzenia-ikona1 elementor-widget elementor-widget-heading\" data-id=\"6da6ab9\" data-element_type=\"widget\" data-widget_type=\"heading.default\">\n\t\t\t\t<div class=\"elementor-widget-container\">\n\t\t\t\t\t<h2 class=\"elementor-heading-title elementor-size-default\"><br>29<br> KWI<\/h2>\t\t\t\t<\/div>\n\t\t\t\t<\/div>\n\t\t\t\t<div class=\"elementor-element elementor-element-149e976 elementor-widget__width-initial wydarzenia-naglowek1 elementor-widget elementor-widget-heading\" data-id=\"149e976\" data-element_type=\"widget\" data-widget_type=\"heading.default\">\n\t\t\t\t<div class=\"elementor-widget-container\">\n\t\t\t\t\t<h2 class=\"elementor-heading-title elementor-size-default\">Przerwa majowa<\/h2>\t\t\t\t<\/div>\n\t\t\t\t<\/div>\n\t\t\t\t<\/div>\n\t\t<div class=\"elementor-element elementor-element-5cd07d2 e-con-full wydarzenia-blok1 e-flex e-con e-child\" data-id=\"5cd07d2\" data-element_type=\"container\">\n\t\t\t\t<div class=\"elementor-element elementor-element-4088cd8 elementor-widget-tablet__width-initial wydarzenia-ikona1 elementor-widget elementor-widget-heading\" data-id=\"4088cd8\" data-element_type=\"widget\" data-widget_type=\"heading.default\">\n\t\t\t\t<div class=\"elementor-widget-container\">\n\t\t\t\t\t<h2 class=\"elementor-heading-title elementor-size-default\"><br>04<br> KWI<\/h2>\t\t\t\t<\/div>\n\t\t\t\t<\/div>\n\t\t\t\t<div class=\"elementor-element elementor-element-7756fcd elementor-widget__width-initial wydarzenia-naglowek1 elementor-widget elementor-widget-heading\" data-id=\"7756fcd\" data-element_type=\"widget\" data-widget_type=\"heading.default\">\n\t\t\t\t<div class=\"elementor-widget-container\">\n\t\t\t\t\t<h2 class=\"elementor-heading-title elementor-size-default\">Matury<\/h2>\t\t\t\t<\/div>\n\t\t\t\t<\/div>\n\t\t\t\t<\/div>\n\t\t\t\t<\/div>\n\t\t\t\t<\/div>\n\t\t","protected":false},"excerpt":{"rendered":"<p>Kalendarz 28 MAR Powiatowa Gie\u0142da Szk\u00f3\u0142 Ponadpodstawowych 06 KWI Zebranie rodzic\u00f3w 07 KWI Przerwa wiosenna 19 KWI Dni otwarte 29 KWI Przerwa majowa 04 KWI Matury<\/p>\n","protected":false},"author":1,"featured_media":0,"parent":0,"menu_order":0,"comment_status":"closed","ping_status":"closed","template":"","meta":{"footnotes":""},"class_list":["post-3135","page","type-page","status-publish","hentry"],"_links":{"self":[{"href":"https:\/\/moszczanica.stronazen.pl\/index.php\/wp-json\/wp\/v2\/pages\/3135","targetHints":{"allow":["GET"]}}],"collection":[{"href":"https:\/\/moszczanica.stronazen.pl\/index.php\/wp-json\/wp\/v2\/pages"}],"about":[{"href":"https:\/\/moszczanica.stronazen.pl\/index.php\/wp-json\/wp\/v2\/types\/page"}],"author":[{"embeddable":true,"href":"https:\/\/moszczanica.stronazen.pl\/index.php\/wp-json\/wp\/v2\/users\/1"}],"replies":[{"embeddable":true,"href":"https:\/\/moszczanica.stronazen.pl\/index.php\/wp-json\/wp\/v2\/comments?post=3135"}],"version-history":[{"count":31,"href":"https:\/\/moszczanica.stronazen.pl\/index.php\/wp-json\/wp\/v2\/pages\/3135\/revisions"}],"predecessor-version":[{"id":4026,"href":"https:\/\/moszczanica.stronazen.pl\/index.php\/wp-json\/wp\/v2\/pages\/3135\/revisions\/4026"}],"wp:attachment":[{"href":"https:\/\/moszczanica.stronazen.pl\/index.php\/wp-json\/wp\/v2\/media?parent=3135"}],"curies":[{"name":"wp","href":"https:\/\/api.w.org\/{rel}","templated":true}]}}