{"id":3793,"date":"2025-06-30T13:58:34","date_gmt":"2025-06-30T11:58:34","guid":{"rendered":"https:\/\/moszczanica.stronazen.pl\/?page_id=3793"},"modified":"2025-06-30T14:45:36","modified_gmt":"2025-06-30T12:45:36","slug":"v-liceum-ogolnoksztalcace-kierunki-ksztalcenia","status":"publish","type":"page","link":"https:\/\/moszczanica.stronazen.pl\/index.php\/v-liceum-ogolnoksztalcace-kierunki-ksztalcenia\/","title":{"rendered":"V Liceum Og\u00f3lnokszta\u0142c\u0105ce &#8211; kierunki kszta\u0142cenia"},"content":{"rendered":"\t\t<div data-elementor-type=\"wp-page\" data-elementor-id=\"3793\" class=\"elementor elementor-3793\">\n\t\t\t\t<div class=\"elementor-element elementor-element-238e6eb e-flex e-con-boxed e-con e-parent\" data-id=\"238e6eb\" data-element_type=\"container\">\n\t\t\t\t\t<div class=\"e-con-inner\">\n\t\t\t\t<div class=\"elementor-element elementor-element-3534162 elementor-widget elementor-widget-heading\" data-id=\"3534162\" data-element_type=\"widget\" data-widget_type=\"heading.default\">\n\t\t\t\t<div class=\"elementor-widget-container\">\n\t\t\t\t\t<h2 class=\"elementor-heading-title elementor-size-default\">V Liceum Og\u00f3lnokszta\u0142c\u0105ce - kierunki kszta\u0142cenia<\/h2>\t\t\t\t<\/div>\n\t\t\t\t<\/div>\n\t\t\t\t\t<\/div>\n\t\t\t\t<\/div>\n\t\t<div class=\"elementor-element elementor-element-d8a252f e-con-full e-flex e-con e-parent\" data-id=\"d8a252f\" data-element_type=\"container\">\n\t\t<div class=\"elementor-element elementor-element-f483ef7 e-con-full e-flex e-con e-child\" data-id=\"f483ef7\" data-element_type=\"container\" data-settings=\"{&quot;background_background&quot;:&quot;classic&quot;}\">\n\t\t\t\t<\/div>\n\t\t<div class=\"elementor-element elementor-element-1d6e726 e-con-full e-flex e-con e-child\" data-id=\"1d6e726\" data-element_type=\"container\" data-settings=\"{&quot;background_background&quot;:&quot;classic&quot;}\">\n\t\t\t\t<div class=\"elementor-element elementor-element-e43e841 elementor-widget elementor-widget-heading\" data-id=\"e43e841\" data-element_type=\"widget\" data-widget_type=\"heading.default\">\n\t\t\t\t<div class=\"elementor-widget-container\">\n\t\t\t\t\t<h2 class=\"elementor-heading-title elementor-size-default\">LICEUM WOJSKOWE<\/h2>\t\t\t\t<\/div>\n\t\t\t\t<\/div>\n\t\t\t\t<div class=\"elementor-element elementor-element-d939144 elementor-widget__width-initial elementor-widget elementor-widget-text-editor\" data-id=\"d939144\" data-element_type=\"widget\" data-widget_type=\"text-editor.default\">\n\t\t\t\t<div class=\"elementor-widget-container\">\n\t\t\t\t\t\t\t\t\t<p>oferuje m\u0142odzie\u017cy kszta\u0142cenie w zakresie szeroko poj\u0119tego przygotowania wojskowego: dyscyplina, musztra, strzelanie, sztuki walki, obozy oraz poligony wojskowe. Nasze klasy wojskowe posiadaj\u0105 certyfikacj\u0119 Oddzia\u0142\u00f3w Przygotowania Wojskowego nadanego przez Ministerstwo Obrony Narodowej.<\/p>\t\t\t\t\t\t\t\t<\/div>\n\t\t\t\t<\/div>\n\t\t\t\t<div class=\"elementor-element elementor-element-7821648 elementor-widget elementor-widget-button\" data-id=\"7821648\" data-element_type=\"widget\" data-widget_type=\"button.default\">\n\t\t\t\t<div class=\"elementor-widget-container\">\n\t\t\t\t\t\t\t\t\t<div class=\"elementor-button-wrapper\">\n\t\t\t\t\t<a class=\"elementor-button elementor-button-link elementor-size-sm\" href=\"https:\/\/moszczanica.stronazen.pl\/index.php\/liceum-wojskowe\/\">\n\t\t\t\t\t\t<span class=\"elementor-button-content-wrapper\">\n\t\t\t\t\t\t\t\t\t<span class=\"elementor-button-text\">Zobacz wi\u0119cej<\/span>\n\t\t\t\t\t<\/span>\n\t\t\t\t\t<\/a>\n\t\t\t\t<\/div>\n\t\t\t\t\t\t\t\t<\/div>\n\t\t\t\t<\/div>\n\t\t\t\t<\/div>\n\t\t\t\t<\/div>\n\t\t\t\t<\/div>\n\t\t","protected":false},"excerpt":{"rendered":"<p>V Liceum Og\u00f3lnokszta\u0142c\u0105ce &#8211; kierunki kszta\u0142cenia LICEUM WOJSKOWE oferuje m\u0142odzie\u017cy kszta\u0142cenie w zakresie szeroko poj\u0119tego przygotowania wojskowego: dyscyplina, musztra, strzelanie, sztuki walki, obozy oraz poligony wojskowe. Nasze klasy wojskowe posiadaj\u0105 certyfikacj\u0119 Oddzia\u0142\u00f3w Przygotowania Wojskowego nadanego przez Ministerstwo Obrony Narodowej. Zobacz wi\u0119cej<\/p>\n","protected":false},"author":1,"featured_media":0,"parent":0,"menu_order":0,"comment_status":"closed","ping_status":"closed","template":"","meta":{"footnotes":""},"class_list":["post-3793","page","type-page","status-publish","hentry"],"_links":{"self":[{"href":"https:\/\/moszczanica.stronazen.pl\/index.php\/wp-json\/wp\/v2\/pages\/3793","targetHints":{"allow":["GET"]}}],"collection":[{"href":"https:\/\/moszczanica.stronazen.pl\/index.php\/wp-json\/wp\/v2\/pages"}],"about":[{"href":"https:\/\/moszczanica.stronazen.pl\/index.php\/wp-json\/wp\/v2\/types\/page"}],"author":[{"embeddable":true,"href":"https:\/\/moszczanica.stronazen.pl\/index.php\/wp-json\/wp\/v2\/users\/1"}],"replies":[{"embeddable":true,"href":"https:\/\/moszczanica.stronazen.pl\/index.php\/wp-json\/wp\/v2\/comments?post=3793"}],"version-history":[{"count":28,"href":"https:\/\/moszczanica.stronazen.pl\/index.php\/wp-json\/wp\/v2\/pages\/3793\/revisions"}],"predecessor-version":[{"id":3932,"href":"https:\/\/moszczanica.stronazen.pl\/index.php\/wp-json\/wp\/v2\/pages\/3793\/revisions\/3932"}],"wp:attachment":[{"href":"https:\/\/moszczanica.stronazen.pl\/index.php\/wp-json\/wp\/v2\/media?parent=3793"}],"curies":[{"name":"wp","href":"https:\/\/api.w.org\/{rel}","templated":true}]}}