{"id":3796,"date":"2025-06-30T14:02:22","date_gmt":"2025-06-30T12:02:22","guid":{"rendered":"https:\/\/moszczanica.stronazen.pl\/?page_id=3796"},"modified":"2025-06-30T14:46:26","modified_gmt":"2025-06-30T12:46:26","slug":"branzowa-szkola-i-stopnia-nr-5-kierunki-ksztalcenia","status":"publish","type":"page","link":"https:\/\/moszczanica.stronazen.pl\/index.php\/branzowa-szkola-i-stopnia-nr-5-kierunki-ksztalcenia\/","title":{"rendered":"Bran\u017cowa Szko\u0142a I Stopnia nr 5 &#8211; kierunki kszta\u0142cenia"},"content":{"rendered":"\t\t<div data-elementor-type=\"wp-page\" data-elementor-id=\"3796\" class=\"elementor elementor-3796\">\n\t\t\t\t<div class=\"elementor-element elementor-element-c749e66 e-flex e-con-boxed e-con e-parent\" data-id=\"c749e66\" data-element_type=\"container\">\n\t\t\t\t\t<div class=\"e-con-inner\">\n\t\t\t\t<div class=\"elementor-element elementor-element-978f469 elementor-widget elementor-widget-heading\" data-id=\"978f469\" data-element_type=\"widget\" data-widget_type=\"heading.default\">\n\t\t\t\t<div class=\"elementor-widget-container\">\n\t\t\t\t\t<h2 class=\"elementor-heading-title elementor-size-default\">Bran\u017cowa Szko\u0142a I Stopnia nr 5 - kierunki kszta\u0142cenia<\/h2>\t\t\t\t<\/div>\n\t\t\t\t<\/div>\n\t\t\t\t\t<\/div>\n\t\t\t\t<\/div>\n\t\t<div class=\"elementor-element elementor-element-e826933 e-con-full e-flex e-con e-parent\" data-id=\"e826933\" data-element_type=\"container\">\n\t\t<div class=\"elementor-element elementor-element-645f7cd e-con-full e-flex e-con e-child\" data-id=\"645f7cd\" data-element_type=\"container\" data-settings=\"{&quot;background_background&quot;:&quot;classic&quot;}\">\n\t\t\t\t<div class=\"elementor-element elementor-element-26fa335 elementor-widget elementor-widget-heading\" data-id=\"26fa335\" data-element_type=\"widget\" data-widget_type=\"heading.default\">\n\t\t\t\t<div class=\"elementor-widget-container\">\n\t\t\t\t\t<h2 class=\"elementor-heading-title elementor-size-default\">TECHNIK \u017bYWIENIA I US\u0141UG GASTRONOMICZNYCH<\/h2>\t\t\t\t<\/div>\n\t\t\t\t<\/div>\n\t\t\t\t<div class=\"elementor-element elementor-element-df2e333 elementor-widget__width-initial elementor-widget elementor-widget-text-editor\" data-id=\"df2e333\" data-element_type=\"widget\" data-widget_type=\"text-editor.default\">\n\t\t\t\t<div class=\"elementor-widget-container\">\n\t\t\t\t\t\t\t\t\t<p>to kierunek dla os\u00f3b chc\u0105cych zdoby\u0107 wiedz\u0119 teoretyczn\u0105 i praktyczn\u0105 z <br \/>gotowania a tak\u017ce przygotowa\u0107 si\u0119 do pracy w zak\u0142adach gastronomicznych. Zaj\u0119cia praktyczne uczniowie odbywaj\u0105 w nowoczesnej pracowni gastronomicznej jak r\u00f3wnie\u017c sto\u0142\u00f3wce szkolnej.<\/p>\t\t\t\t\t\t\t\t<\/div>\n\t\t\t\t<\/div>\n\t\t\t\t<div class=\"elementor-element elementor-element-56b5915 elementor-widget elementor-widget-button\" data-id=\"56b5915\" data-element_type=\"widget\" data-widget_type=\"button.default\">\n\t\t\t\t<div class=\"elementor-widget-container\">\n\t\t\t\t\t\t\t\t\t<div class=\"elementor-button-wrapper\">\n\t\t\t\t\t<a class=\"elementor-button elementor-button-link elementor-size-sm\" href=\"https:\/\/moszczanica.stronazen.pl\/index.php\/kucharz\/\">\n\t\t\t\t\t\t<span class=\"elementor-button-content-wrapper\">\n\t\t\t\t\t\t\t\t\t<span class=\"elementor-button-text\">Zobacz wi\u0119cej<\/span>\n\t\t\t\t\t<\/span>\n\t\t\t\t\t<\/a>\n\t\t\t\t<\/div>\n\t\t\t\t\t\t\t\t<\/div>\n\t\t\t\t<\/div>\n\t\t\t\t<\/div>\n\t\t<div class=\"elementor-element elementor-element-77510bf e-con-full e-flex e-con e-child\" data-id=\"77510bf\" data-element_type=\"container\" data-settings=\"{&quot;background_background&quot;:&quot;classic&quot;}\">\n\t\t\t\t<\/div>\n\t\t\t\t<\/div>\n\t\t<div class=\"elementor-element elementor-element-a4721f4 e-con-full e-flex e-con e-parent\" data-id=\"a4721f4\" data-element_type=\"container\">\n\t\t<div class=\"elementor-element elementor-element-2993abf e-con-full e-flex e-con e-child\" data-id=\"2993abf\" data-element_type=\"container\" data-settings=\"{&quot;background_background&quot;:&quot;classic&quot;}\">\n\t\t\t\t<\/div>\n\t\t<div class=\"elementor-element elementor-element-258edf5 e-con-full e-flex e-con e-child\" data-id=\"258edf5\" data-element_type=\"container\" data-settings=\"{&quot;background_background&quot;:&quot;classic&quot;}\">\n\t\t\t\t<div class=\"elementor-element elementor-element-bb45496 elementor-widget elementor-widget-heading\" data-id=\"bb45496\" data-element_type=\"widget\" data-widget_type=\"heading.default\">\n\t\t\t\t<div class=\"elementor-widget-container\">\n\t\t\t\t\t<h2 class=\"elementor-heading-title elementor-size-default\">MECHANIK - OPERATOR POJAZD\u00d3W I MASZYN ROLNICZYCH<\/h2>\t\t\t\t<\/div>\n\t\t\t\t<\/div>\n\t\t\t\t<div class=\"elementor-element elementor-element-74077bd elementor-widget__width-initial elementor-widget elementor-widget-text-editor\" data-id=\"74077bd\" data-element_type=\"widget\" data-widget_type=\"text-editor.default\">\n\t\t\t\t<div class=\"elementor-widget-container\">\n\t\t\t\t\t\t\t\t\t<p>to kierunek dla amator\u00f3w mechanizacji a zarazem rolnictwa. Daje kwalifikacje do prowadzenia w\u0142asnego gospodarstwa rolnego a tak\u017ce uprawnienia rolnicze. Swoje umiej\u0119tno\u015bci praktyczne nabywaj\u0105 na warsztatach szkolnych wyposa\u017conych w nowoczesne narz\u0119dzia i maszyny rolnicze.<\/p>\t\t\t\t\t\t\t\t<\/div>\n\t\t\t\t<\/div>\n\t\t\t\t<div class=\"elementor-element elementor-element-a6a7a2d elementor-widget elementor-widget-button\" data-id=\"a6a7a2d\" data-element_type=\"widget\" data-widget_type=\"button.default\">\n\t\t\t\t<div class=\"elementor-widget-container\">\n\t\t\t\t\t\t\t\t\t<div class=\"elementor-button-wrapper\">\n\t\t\t\t\t<a class=\"elementor-button elementor-button-link elementor-size-sm\" href=\"https:\/\/moszczanica.stronazen.pl\/index.php\/mechanik-operator-pojazdow-i-maszyn-rolniczych\/\">\n\t\t\t\t\t\t<span class=\"elementor-button-content-wrapper\">\n\t\t\t\t\t\t\t\t\t<span class=\"elementor-button-text\">Zobacz wi\u0119cej<\/span>\n\t\t\t\t\t<\/span>\n\t\t\t\t\t<\/a>\n\t\t\t\t<\/div>\n\t\t\t\t\t\t\t\t<\/div>\n\t\t\t\t<\/div>\n\t\t\t\t<\/div>\n\t\t\t\t<\/div>\n\t\t\t\t<\/div>\n\t\t","protected":false},"excerpt":{"rendered":"<p>Bran\u017cowa Szko\u0142a I Stopnia nr 5 &#8211; kierunki kszta\u0142cenia TECHNIK \u017bYWIENIA I US\u0141UG GASTRONOMICZNYCH to kierunek dla os\u00f3b chc\u0105cych zdoby\u0107 wiedz\u0119 teoretyczn\u0105 i praktyczn\u0105 z gotowania a tak\u017ce przygotowa\u0107 si\u0119 do pracy w zak\u0142adach gastronomicznych. Zaj\u0119cia praktyczne uczniowie odbywaj\u0105 w nowoczesnej pracowni gastronomicznej jak r\u00f3wnie\u017c sto\u0142\u00f3wce szkolnej. Zobacz wi\u0119cej MECHANIK &#8211; OPERATOR POJAZD\u00d3W I MASZYN [&hellip;]<\/p>\n","protected":false},"author":1,"featured_media":0,"parent":0,"menu_order":0,"comment_status":"closed","ping_status":"closed","template":"","meta":{"footnotes":""},"class_list":["post-3796","page","type-page","status-publish","hentry"],"_links":{"self":[{"href":"https:\/\/moszczanica.stronazen.pl\/index.php\/wp-json\/wp\/v2\/pages\/3796","targetHints":{"allow":["GET"]}}],"collection":[{"href":"https:\/\/moszczanica.stronazen.pl\/index.php\/wp-json\/wp\/v2\/pages"}],"about":[{"href":"https:\/\/moszczanica.stronazen.pl\/index.php\/wp-json\/wp\/v2\/types\/page"}],"author":[{"embeddable":true,"href":"https:\/\/moszczanica.stronazen.pl\/index.php\/wp-json\/wp\/v2\/users\/1"}],"replies":[{"embeddable":true,"href":"https:\/\/moszczanica.stronazen.pl\/index.php\/wp-json\/wp\/v2\/comments?post=3796"}],"version-history":[{"count":13,"href":"https:\/\/moszczanica.stronazen.pl\/index.php\/wp-json\/wp\/v2\/pages\/3796\/revisions"}],"predecessor-version":[{"id":3941,"href":"https:\/\/moszczanica.stronazen.pl\/index.php\/wp-json\/wp\/v2\/pages\/3796\/revisions\/3941"}],"wp:attachment":[{"href":"https:\/\/moszczanica.stronazen.pl\/index.php\/wp-json\/wp\/v2\/media?parent=3796"}],"curies":[{"name":"wp","href":"https:\/\/api.w.org\/{rel}","templated":true}]}}